{"id":303,"date":"2025-03-18T16:03:11","date_gmt":"2025-03-18T15:03:11","guid":{"rendered":"https:\/\/hemi.a.vaia.cloud\/?page_id=303"},"modified":"2025-09-02T15:08:20","modified_gmt":"2025-09-02T13:08:20","slug":"contact-us","status":"publish","type":"page","link":"https:\/\/maxmoduler.se\/en\/contact-us\/","title":{"rendered":"Get in touch"},"content":{"rendered":"<p>Please get in touch if you would like to know more about what we have to offer. We are never more than a phone call or email away.<\/p>\n<h3>Personalkontakt<\/h3>\n<h3>Hitta till oss<\/h3>\n<h3>Book an appointment<\/h3>","protected":false},"excerpt":{"rendered":"<p>H\u00f6r g\u00e4rna av dig om du vill veta mer om vad vi har att erbjuda. Vi \u00e4r aldrig l\u00e4ngre \u00e4n ett telefonsamtal eller mail bort. Personalkontakt Hitta till oss Boka m\u00f6te<\/p>","protected":false},"author":1,"featured_media":65,"parent":0,"menu_order":5,"comment_status":"closed","ping_status":"closed","template":"","meta":{"_acf_changed":false,"footnotes":""},"class_list":["post-303","page","type-page","status-publish","has-post-thumbnail","hentry"],"acf":[],"_links":{"self":[{"href":"https:\/\/maxmoduler.se\/en\/wp-json\/wp\/v2\/pages\/303","targetHints":{"allow":["GET"]}}],"collection":[{"href":"https:\/\/maxmoduler.se\/en\/wp-json\/wp\/v2\/pages"}],"about":[{"href":"https:\/\/maxmoduler.se\/en\/wp-json\/wp\/v2\/types\/page"}],"author":[{"embeddable":true,"href":"https:\/\/maxmoduler.se\/en\/wp-json\/wp\/v2\/users\/1"}],"replies":[{"embeddable":true,"href":"https:\/\/maxmoduler.se\/en\/wp-json\/wp\/v2\/comments?post=303"}],"version-history":[{"count":35,"href":"https:\/\/maxmoduler.se\/en\/wp-json\/wp\/v2\/pages\/303\/revisions"}],"predecessor-version":[{"id":3843,"href":"https:\/\/maxmoduler.se\/en\/wp-json\/wp\/v2\/pages\/303\/revisions\/3843"}],"wp:featuredmedia":[{"embeddable":true,"href":"https:\/\/maxmoduler.se\/en\/wp-json\/wp\/v2\/media\/65"}],"wp:attachment":[{"href":"https:\/\/maxmoduler.se\/en\/wp-json\/wp\/v2\/media?parent=303"}],"curies":[{"name":"wp","href":"https:\/\/api.w.org\/{rel}","templated":true}]}}