{"id":310,"date":"2025-03-18T16:09:28","date_gmt":"2025-03-18T15:09:28","guid":{"rendered":"https:\/\/hemi.a.vaia.cloud\/?page_id=310"},"modified":"2025-06-30T13:04:59","modified_gmt":"2025-06-30T11:04:59","slug":"funding","status":"publish","type":"page","link":"https:\/\/maxmoduler.se\/en\/support-and-services-2\/funding\/","title":{"rendered":"Funding"},"content":{"rendered":"<p>Financing your on-site establishment may sound like an easy task. You may have your own bank or financing partner for other purposes. The advantage of using Maxmoduler is that you can be sure that we use a financing partner who knows both the products and the industry, and therefore its conditions.<\/p>\n<p>Knowing that your financier actually knows the rules of the game and how the product performs over time is both reassuring for you and also a more efficient way of working. As a customer, you don't need to worry about contact either.<\/p>\n<p>Are you considering purchasing Maxmoduler products, or are you already a customer? Contact us for documentation and more information about our financiers.<\/p>\n<p>CONTACT US OR BOOK AN APPOINTMENT<\/p>","protected":false},"excerpt":{"rendered":"<p>Att finansiera din bodetablering kan l\u00e5ta som en l\u00e4tt uppgift. Du kanske har en egen bank eller finansieringspartner f\u00f6r andra syften. F\u00f6rdelen med att hj\u00e4lp av oss p\u00e5 Maxmoduler \u00e4r att du kan vara s\u00e4ker p\u00e5 att vi tar hj\u00e4lp av en finansieringspartner som kan s\u00e5v\u00e4l produkterna som branschen och d\u00e4rmed dess f\u00f6ruts\u00e4ttningar. Vetskapen om [&hellip;]<\/p>","protected":false},"author":1,"featured_media":65,"parent":271,"menu_order":0,"comment_status":"closed","ping_status":"closed","template":"","meta":{"_acf_changed":false,"footnotes":""},"class_list":["post-310","page","type-page","status-publish","has-post-thumbnail","hentry"],"acf":[],"_links":{"self":[{"href":"https:\/\/maxmoduler.se\/en\/wp-json\/wp\/v2\/pages\/310","targetHints":{"allow":["GET"]}}],"collection":[{"href":"https:\/\/maxmoduler.se\/en\/wp-json\/wp\/v2\/pages"}],"about":[{"href":"https:\/\/maxmoduler.se\/en\/wp-json\/wp\/v2\/types\/page"}],"author":[{"embeddable":true,"href":"https:\/\/maxmoduler.se\/en\/wp-json\/wp\/v2\/users\/1"}],"replies":[{"embeddable":true,"href":"https:\/\/maxmoduler.se\/en\/wp-json\/wp\/v2\/comments?post=310"}],"version-history":[{"count":3,"href":"https:\/\/maxmoduler.se\/en\/wp-json\/wp\/v2\/pages\/310\/revisions"}],"predecessor-version":[{"id":3754,"href":"https:\/\/maxmoduler.se\/en\/wp-json\/wp\/v2\/pages\/310\/revisions\/3754"}],"up":[{"embeddable":true,"href":"https:\/\/maxmoduler.se\/en\/wp-json\/wp\/v2\/pages\/271"}],"wp:featuredmedia":[{"embeddable":true,"href":"https:\/\/maxmoduler.se\/en\/wp-json\/wp\/v2\/media\/65"}],"wp:attachment":[{"href":"https:\/\/maxmoduler.se\/en\/wp-json\/wp\/v2\/media?parent=310"}],"curies":[{"name":"wp","href":"https:\/\/api.w.org\/{rel}","templated":true}]}}