{"id":1400,"date":"2025-04-10T13:46:49","date_gmt":"2025-04-10T11:46:49","guid":{"rendered":"https:\/\/hemi.a.vaia.cloud\/?post_type=product&#038;p=1400"},"modified":"2025-06-12T14:59:26","modified_gmt":"2025-06-12T12:59:26","slug":"modular-data-outlet-2-x-8-k6-utp","status":"publish","type":"product","link":"https:\/\/maxmoduler.se\/en\/product-2\/modular-data-outlet-2-x-8-k6-utp\/","title":{"rendered":"Data outlet Modular 2 x 8 K6 UTP"},"content":{"rendered":"<p>Data outlet Modular 2 x 8 K6 UTP<\/p>\n<p>Complete surface-mounted modular socket UTP C6.<br \/>\nThe wires are connected using LSA-type wear contacts. Simple connection straight from the front with the socket in place.<br \/>\nClear colour coding according to EIA\/TIA on the terminals.<br \/>\nThe modular socket is approved according to the SS EN 50 173 series standard and is part of the ELKO TCS warranty system.<br \/>\nColour: mountain white.<\/p>","protected":false},"excerpt":{"rendered":"<p>Datauttag Modular 2 x 8 K6 UTP Komplett utanp\u00e5liggande modularuttag UTP C6. Anslutning av ledarna sker p\u00e5 slitskontakter typ LSA. Enkel kontaktering rakt framifr\u00e5n med uttaget p\u00e5 plats. Tydlig f\u00e4rgm\u00e4rkning enligt EIA\/TIA p\u00e5 plintarna. Modularuttaget \u00e4r godk\u00e4nt enligt normen SS EN 50 173 serien och \u00e4r en del av garantisystemet ELKO TCS. F\u00e4rg fj\u00e4llvit.<\/p>","protected":false},"featured_media":3303,"template":"","meta":{"_acf_changed":false},"product_brand":[161],"product_cat":[35],"product_tag":[83,108],"class_list":{"0":"post-1400","1":"product","2":"type-product","3":"status-publish","4":"has-post-thumbnail","6":"product_brand-elko","7":"product_cat-tillbehor","8":"product_tag-el-och-it","9":"product_tag-it","11":"first","12":"instock","13":"shipping-taxable","14":"product-type-simple"},"acf":[],"_links":{"self":[{"href":"https:\/\/maxmoduler.se\/en\/wp-json\/wp\/v2\/product\/1400","targetHints":{"allow":["GET"]}}],"collection":[{"href":"https:\/\/maxmoduler.se\/en\/wp-json\/wp\/v2\/product"}],"about":[{"href":"https:\/\/maxmoduler.se\/en\/wp-json\/wp\/v2\/types\/product"}],"wp:featuredmedia":[{"embeddable":true,"href":"https:\/\/maxmoduler.se\/en\/wp-json\/wp\/v2\/media\/3303"}],"wp:attachment":[{"href":"https:\/\/maxmoduler.se\/en\/wp-json\/wp\/v2\/media?parent=1400"}],"wp:term":[{"taxonomy":"product_brand","embeddable":true,"href":"https:\/\/maxmoduler.se\/en\/wp-json\/wp\/v2\/product_brand?post=1400"},{"taxonomy":"product_cat","embeddable":true,"href":"https:\/\/maxmoduler.se\/en\/wp-json\/wp\/v2\/product_cat?post=1400"},{"taxonomy":"product_tag","embeddable":true,"href":"https:\/\/maxmoduler.se\/en\/wp-json\/wp\/v2\/product_tag?post=1400"}],"curies":[{"name":"wp","href":"https:\/\/api.w.org\/{rel}","templated":true}]}}