{"id":1402,"date":"2025-04-10T13:53:19","date_gmt":"2025-04-10T11:53:19","guid":{"rendered":"https:\/\/hemi.a.vaia.cloud\/?post_type=product&#038;p=1402"},"modified":"2025-06-12T16:09:29","modified_gmt":"2025-06-12T14:09:29","slug":"lumina-18w-sensor","status":"publish","type":"product","link":"https:\/\/maxmoduler.se\/en\/product-2\/lumina-18w-sensor\/","title":{"rendered":"Lumina 18W Sensor"},"content":{"rendered":"<p>Lumina 18w sensor is a sensor-controlled luminaire for ceiling mounting.<\/p>\n<p>Ceiling light with powder-coated steel frame and opal acrylic dome with bayonet lock. The frame fits snugly and neatly against the ceiling, making it more difficult to break the fixture.<\/p>\n<p>Minimal environmental impact as manufacturing takes place in Sweden. The design means that the ceiling light is IP-44 rated. Cable connection via the rear of the fixture and two 180\u00b0 knockout holes for crossover.<br \/>\nConnects easily via a 3-pin quick-connect terminal block 1.5-2 mm\u00b2.<\/p>\n<p>The luminaire has an integrated LED driver and can also be used as a slave to a sensor On\/Off. <\/p>","protected":false},"excerpt":{"rendered":"<p>Lumina 18w sensor \u00e4r en sensorstyrd armatur f\u00f6r montage i tak. Plafond med stomme av pulverlackerad st\u00e5lpl\u00e5t samt Opal akrylkupa med bajonettl\u00e5sning. Stommen ligger t\u00e4tt och snyggt mot taket. Vilket g\u00f6r att det blir sv\u00e5rare att vandalisera armaturen. Minimalt med milj\u00f6p\u00e5verkan d\u00e5 tillverkningen sker i Sverige. Konstruktionen g\u00f6r att plafonden blir IP-44 klassad. Kabelanslutning via [&hellip;]<\/p>","protected":false},"featured_media":3311,"template":"","meta":{"_acf_changed":false},"product_brand":[160],"product_cat":[35],"product_tag":[84,83,82],"class_list":{"0":"post-1402","1":"product","2":"type-product","3":"status-publish","4":"has-post-thumbnail","6":"product_brand-alento","7":"product_cat-tillbehor","8":"product_tag-belysning","9":"product_tag-el-och-it","10":"product_tag-elartiklar","12":"first","13":"instock","14":"shipping-taxable","15":"product-type-simple"},"acf":[],"_links":{"self":[{"href":"https:\/\/maxmoduler.se\/en\/wp-json\/wp\/v2\/product\/1402","targetHints":{"allow":["GET"]}}],"collection":[{"href":"https:\/\/maxmoduler.se\/en\/wp-json\/wp\/v2\/product"}],"about":[{"href":"https:\/\/maxmoduler.se\/en\/wp-json\/wp\/v2\/types\/product"}],"wp:featuredmedia":[{"embeddable":true,"href":"https:\/\/maxmoduler.se\/en\/wp-json\/wp\/v2\/media\/3311"}],"wp:attachment":[{"href":"https:\/\/maxmoduler.se\/en\/wp-json\/wp\/v2\/media?parent=1402"}],"wp:term":[{"taxonomy":"product_brand","embeddable":true,"href":"https:\/\/maxmoduler.se\/en\/wp-json\/wp\/v2\/product_brand?post=1402"},{"taxonomy":"product_cat","embeddable":true,"href":"https:\/\/maxmoduler.se\/en\/wp-json\/wp\/v2\/product_cat?post=1402"},{"taxonomy":"product_tag","embeddable":true,"href":"https:\/\/maxmoduler.se\/en\/wp-json\/wp\/v2\/product_tag?post=1402"}],"curies":[{"name":"wp","href":"https:\/\/api.w.org\/{rel}","templated":true}]}}