{"id":1403,"date":"2025-04-10T13:54:27","date_gmt":"2025-04-10T11:54:27","guid":{"rendered":"https:\/\/hemi.a.vaia.cloud\/?post_type=product&#038;p=1403"},"modified":"2025-06-12T14:35:25","modified_gmt":"2025-06-12T12:35:25","slug":"bathroom-lighting","status":"publish","type":"product","link":"https:\/\/maxmoduler.se\/en\/product-2\/bathroom-lighting\/","title":{"rendered":"Bathroom light"},"content":{"rendered":"<p>Bathroom light in classic design. Intended to be placed above the bathroom mirror. <\/p>\n<p>Replaceable LED module and easy installation with quick connectors and cable entry from the rear or top in the centre of the unit.<\/p>\n<p>Manufacturer's item number: 7507900<\/p>","protected":false},"excerpt":{"rendered":"<p>Badrumsarmatur i klassisk design. Avsedd att placeras \u00f6ver badrumsspegel. Utbytbar LED-modul och smidig installation med snabbkopplingar och kabeling\u00e5ng bakifr\u00e5n eller ovanifr\u00e5n i armturens mitt. Tillverkarens artikelnummer: 7507900<\/p>","protected":false},"featured_media":3301,"template":"","meta":{"_acf_changed":false},"product_brand":[159],"product_cat":[35],"product_tag":[84,83,82],"class_list":{"0":"post-1403","1":"product","2":"type-product","3":"status-publish","4":"has-post-thumbnail","6":"product_brand-bagno-linear","7":"product_cat-tillbehor","8":"product_tag-belysning","9":"product_tag-el-och-it","10":"product_tag-elartiklar","12":"first","13":"instock","14":"shipping-taxable","15":"product-type-simple"},"acf":[],"_links":{"self":[{"href":"https:\/\/maxmoduler.se\/en\/wp-json\/wp\/v2\/product\/1403","targetHints":{"allow":["GET"]}}],"collection":[{"href":"https:\/\/maxmoduler.se\/en\/wp-json\/wp\/v2\/product"}],"about":[{"href":"https:\/\/maxmoduler.se\/en\/wp-json\/wp\/v2\/types\/product"}],"wp:featuredmedia":[{"embeddable":true,"href":"https:\/\/maxmoduler.se\/en\/wp-json\/wp\/v2\/media\/3301"}],"wp:attachment":[{"href":"https:\/\/maxmoduler.se\/en\/wp-json\/wp\/v2\/media?parent=1403"}],"wp:term":[{"taxonomy":"product_brand","embeddable":true,"href":"https:\/\/maxmoduler.se\/en\/wp-json\/wp\/v2\/product_brand?post=1403"},{"taxonomy":"product_cat","embeddable":true,"href":"https:\/\/maxmoduler.se\/en\/wp-json\/wp\/v2\/product_cat?post=1403"},{"taxonomy":"product_tag","embeddable":true,"href":"https:\/\/maxmoduler.se\/en\/wp-json\/wp\/v2\/product_tag?post=1403"}],"curies":[{"name":"wp","href":"https:\/\/api.w.org\/{rel}","templated":true}]}}