{"id":1404,"date":"2025-04-10T13:55:59","date_gmt":"2025-04-10T11:55:59","guid":{"rendered":"https:\/\/hemi.a.vaia.cloud\/?post_type=product&#038;p=1404"},"modified":"2025-06-12T14:46:16","modified_gmt":"2025-06-12T12:46:16","slug":"lumina-ik-10w-sensor-exterior","status":"publish","type":"product","link":"https:\/\/maxmoduler.se\/en\/product-2\/lumina-ik-10w-sensor-exterior\/","title":{"rendered":"Lumina IK 10W Sensor \u2013 external"},"content":{"rendered":"<p>The Lumina IK 10w sensor is a luminaire for external mounting on an exterior wall. <\/p>\n<p>Ceiling light with a very robust frame in deep-drawn galvanised sheet metal with polyester lacquer for outdoor use. IK10-rated PC dome with security screw (Torx T20 pin) that holds the dome in place. The frame fits tightly and neatly against the ceiling. This makes it more difficult to vandalise the luminaire.<br \/>\nMinimal environmental impact as manufacturing takes place in Sweden. The design means that the ceiling light is IP44 rated. Cable connection via the rear of the fixture and 2 knockout holes 180\u00b0 for crossover.<br \/>\nConnects easily via a 3-pole quick-connect terminal block 1.5-2 mm\u00b2.<\/p>\n<p>The luminaire has an integrated LED driver and can also be used as a slave to a sensor On\/Off.<br \/>\nDome made of polycarbonate plastic (PC) with very high impact resistance.<br \/>\nSecurity screw (Torx T20 pin). <\/p>","protected":false},"excerpt":{"rendered":"<p>Lumina IK 10w sensor \u00e4r en armatur f\u00f6r utv\u00e4ndigt montage p\u00e5 en ytterv\u00e4gg. Plafond med mycket robust stomme i djupdragen galvad pl\u00e5t med polyesterlack f\u00f6r utomhusbruk. IK10 klassad PC kupa med s\u00e4kerhetsskruv (Torx T20-pin) som h\u00e5ller kupan p\u00e5 plats. Stommen ligger t\u00e4tt och snyggt mot taket. Vilket g\u00f6r att det blir sv\u00e5rare att vandalisera armaturen. [&hellip;]<\/p>","protected":false},"featured_media":3302,"template":"","meta":{"_acf_changed":false},"product_brand":[160],"product_cat":[35],"product_tag":[84,83,82],"class_list":{"0":"post-1404","1":"product","2":"type-product","3":"status-publish","4":"has-post-thumbnail","6":"product_brand-alento","7":"product_cat-tillbehor","8":"product_tag-belysning","9":"product_tag-el-och-it","10":"product_tag-elartiklar","12":"first","13":"instock","14":"shipping-taxable","15":"product-type-simple"},"acf":[],"_links":{"self":[{"href":"https:\/\/maxmoduler.se\/en\/wp-json\/wp\/v2\/product\/1404","targetHints":{"allow":["GET"]}}],"collection":[{"href":"https:\/\/maxmoduler.se\/en\/wp-json\/wp\/v2\/product"}],"about":[{"href":"https:\/\/maxmoduler.se\/en\/wp-json\/wp\/v2\/types\/product"}],"wp:featuredmedia":[{"embeddable":true,"href":"https:\/\/maxmoduler.se\/en\/wp-json\/wp\/v2\/media\/3302"}],"wp:attachment":[{"href":"https:\/\/maxmoduler.se\/en\/wp-json\/wp\/v2\/media?parent=1404"}],"wp:term":[{"taxonomy":"product_brand","embeddable":true,"href":"https:\/\/maxmoduler.se\/en\/wp-json\/wp\/v2\/product_brand?post=1404"},{"taxonomy":"product_cat","embeddable":true,"href":"https:\/\/maxmoduler.se\/en\/wp-json\/wp\/v2\/product_cat?post=1404"},{"taxonomy":"product_tag","embeddable":true,"href":"https:\/\/maxmoduler.se\/en\/wp-json\/wp\/v2\/product_tag?post=1404"}],"curies":[{"name":"wp","href":"https:\/\/api.w.org\/{rel}","templated":true}]}}