{"id":1487,"date":"2025-04-11T13:51:17","date_gmt":"2025-04-11T11:51:17","guid":{"rendered":"https:\/\/hemi.a.vaia.cloud\/?post_type=product&#038;p=1487"},"modified":"2025-06-12T14:31:28","modified_gmt":"2025-06-12T12:31:28","slug":"alterna-overhead-shower","status":"publish","type":"product","link":"https:\/\/maxmoduler.se\/en\/product-2\/alterna-overhead-shower\/","title":{"rendered":"Alterna Terzo ceiling shower"},"content":{"rendered":"<p>Alterna Ceiling Shower Terzo T is a so-called shower head model with only a shower pipe and ceiling shower.<\/p>\n<ul>\n<li>An adjustable wall bracket.<\/li>\n<li>Connection G15 to mixer tap with outlet upwards.<\/li>\n<li>Telescopic function on the shower pipe.<\/li>\n<\/ul>","protected":false},"excerpt":{"rendered":"<p>Alterna Takdusch Terzo T \u00e4r en s\u00e5 kallad skolduschmodell med endast duschr\u00f6r och takdusch. Ett justerbart v\u00e4ggf\u00e4ste. Anslutning G15 mot blandare med utlopp upp. Teleskopfunktion p\u00e5 duschr\u00f6ret.<\/p>","protected":false},"featured_media":3300,"template":"","meta":{"_acf_changed":false},"product_brand":[128],"product_cat":[35],"product_tag":[123,86],"class_list":{"0":"post-1487","1":"product","2":"type-product","3":"status-publish","4":"has-post-thumbnail","6":"product_brand-alterna","7":"product_cat-tillbehor","8":"product_tag-duschtillbehor","9":"product_tag-vvs","11":"first","12":"instock","13":"shipping-taxable","14":"product-type-simple"},"acf":[],"_links":{"self":[{"href":"https:\/\/maxmoduler.se\/en\/wp-json\/wp\/v2\/product\/1487","targetHints":{"allow":["GET"]}}],"collection":[{"href":"https:\/\/maxmoduler.se\/en\/wp-json\/wp\/v2\/product"}],"about":[{"href":"https:\/\/maxmoduler.se\/en\/wp-json\/wp\/v2\/types\/product"}],"wp:featuredmedia":[{"embeddable":true,"href":"https:\/\/maxmoduler.se\/en\/wp-json\/wp\/v2\/media\/3300"}],"wp:attachment":[{"href":"https:\/\/maxmoduler.se\/en\/wp-json\/wp\/v2\/media?parent=1487"}],"wp:term":[{"taxonomy":"product_brand","embeddable":true,"href":"https:\/\/maxmoduler.se\/en\/wp-json\/wp\/v2\/product_brand?post=1487"},{"taxonomy":"product_cat","embeddable":true,"href":"https:\/\/maxmoduler.se\/en\/wp-json\/wp\/v2\/product_cat?post=1487"},{"taxonomy":"product_tag","embeddable":true,"href":"https:\/\/maxmoduler.se\/en\/wp-json\/wp\/v2\/product_tag?post=1487"}],"curies":[{"name":"wp","href":"https:\/\/api.w.org\/{rel}","templated":true}]}}