{"id":1491,"date":"2025-04-11T14:04:30","date_gmt":"2025-04-11T12:04:30","guid":{"rendered":"https:\/\/hemi.a.vaia.cloud\/?post_type=product&#038;p=1491"},"modified":"2025-04-23T15:24:23","modified_gmt":"2025-04-23T13:24:23","slug":"radiator-700w","status":"publish","type":"product","link":"https:\/\/maxmoduler.se\/en\/product-2\/radiator-700w\/","title":{"rendered":"Radiator 700W Glamox Heating"},"content":{"rendered":"<p>Glamox Heating 3001 TPA\/TLO has a functional design that allows heat to spread quickly throughout the room. Designed for use in homes and offices. <\/p>\n<p>Unique design<br \/>\nWith its curved heat emission, it is particularly suitable for placement under windows with window sills that have large projections. It has no sharp edges and a smooth, durable surface. The radiator has overheating protection and a protective cover is available to prevent unwanted changes in temperature. <\/p>\n<p>Durable surface for easy cleaning<br \/>\nThe radiator can easily be detached from the bracket at the top and then tilted forward, which makes cleaning behind the radiator easier. <\/p>","protected":false},"excerpt":{"rendered":"<p>Glamox Heating 3001 TPA\/TLO har en funktionell design som g\u00f6r att v\u00e4rmen snabbt sprids i rummet. Designad f\u00f6r anv\u00e4ndning i bost\u00e4der och f\u00f6r kontor. Unik design Med sitt utsv\u00e4ngda v\u00e4rmeutsl\u00e4pp, passar den extra l\u00e4mpligt f\u00f6r placering under f\u00f6nster med f\u00f6nsterbr\u00e4den som har stora utstick. Den har ingen vassa kanter och en sl\u00e4t och slitstark yta.\u202fRadiatorn [&hellip;]<\/p>","protected":false},"featured_media":1647,"template":"","meta":{"_acf_changed":false},"product_brand":[121],"product_cat":[35],"product_tag":[91,86],"class_list":{"0":"post-1491","1":"product","2":"type-product","3":"status-publish","4":"has-post-thumbnail","6":"product_brand-glamox-heating","7":"product_cat-tillbehor","8":"product_tag-varme","9":"product_tag-vvs","11":"first","12":"instock","13":"shipping-taxable","14":"product-type-simple"},"acf":[],"_links":{"self":[{"href":"https:\/\/maxmoduler.se\/en\/wp-json\/wp\/v2\/product\/1491","targetHints":{"allow":["GET"]}}],"collection":[{"href":"https:\/\/maxmoduler.se\/en\/wp-json\/wp\/v2\/product"}],"about":[{"href":"https:\/\/maxmoduler.se\/en\/wp-json\/wp\/v2\/types\/product"}],"wp:featuredmedia":[{"embeddable":true,"href":"https:\/\/maxmoduler.se\/en\/wp-json\/wp\/v2\/media\/1647"}],"wp:attachment":[{"href":"https:\/\/maxmoduler.se\/en\/wp-json\/wp\/v2\/media?parent=1491"}],"wp:term":[{"taxonomy":"product_brand","embeddable":true,"href":"https:\/\/maxmoduler.se\/en\/wp-json\/wp\/v2\/product_brand?post=1491"},{"taxonomy":"product_cat","embeddable":true,"href":"https:\/\/maxmoduler.se\/en\/wp-json\/wp\/v2\/product_cat?post=1491"},{"taxonomy":"product_tag","embeddable":true,"href":"https:\/\/maxmoduler.se\/en\/wp-json\/wp\/v2\/product_tag?post=1491"}],"curies":[{"name":"wp","href":"https:\/\/api.w.org\/{rel}","templated":true}]}}