{"id":1510,"date":"2025-04-14T10:43:40","date_gmt":"2025-04-14T08:43:40","guid":{"rendered":"https:\/\/hemi.a.vaia.cloud\/?post_type=product&#038;p=1510"},"modified":"2025-04-23T18:25:11","modified_gmt":"2025-04-23T16:25:11","slug":"dispenser-soap-dryer","status":"publish","type":"product","link":"https:\/\/maxmoduler.se\/en\/product-2\/dispenser-soap-dryer\/","title":{"rendered":"Dispenser for soap Tork Skincare S4, black"},"content":{"rendered":"<p>The Tork Skincare Dispenser in Elevation Design fits anywhere and can be used with a wide range of soaps, disinfectants and lotions in sealed bottles from Tork.<\/p>\n<p>It is Easy to Use certified and provides good hand hygiene for all users. The dispensers in the Elevation series have a functional and modern design that creates a lasting impression on your visitors.<\/p>\n<p><strong>Advantages:<\/strong><\/p>\n<ul>\n<li>Contributes to good hygiene: Factory-sealed refill with a new pump for each refill to reduce the risk of infection and protect the contents all the way to the user.<\/li>\n<li>Easy to use design and refill.<\/li>\n<li>Carbon neutral and climate compensated.<\/li>\n<\/ul>","protected":false},"excerpt":{"rendered":"<p>Tork Skincare Dispenser i Elevation Design passar alla platser och kan anv\u00e4ndas med ett brett utbud av tv\u00e5l, desinfektionsmedel och lotioner i f\u00f6rseglade flaskor fr\u00e5n Tork. Den \u00e4r Easy to use-certifierad och ger god handhygien f\u00f6r alla anv\u00e4ndare. Dispensrarna i Elevation-serien har en funktionell och modern design som skapar ett best\u00e5ende intryck hos dina bes\u00f6kare. [&hellip;]<\/p>","protected":false},"featured_media":1669,"template":"","meta":{"_acf_changed":false},"product_brand":[111],"product_cat":[35],"product_tag":[123,95,86],"class_list":{"0":"post-1510","1":"product","2":"type-product","3":"status-publish","4":"has-post-thumbnail","6":"product_brand-tork","7":"product_cat-tillbehor","8":"product_tag-duschtillbehor","9":"product_tag-toalett","10":"product_tag-vvs","12":"first","13":"instock","14":"shipping-taxable","15":"product-type-simple"},"acf":[],"_links":{"self":[{"href":"https:\/\/maxmoduler.se\/en\/wp-json\/wp\/v2\/product\/1510","targetHints":{"allow":["GET"]}}],"collection":[{"href":"https:\/\/maxmoduler.se\/en\/wp-json\/wp\/v2\/product"}],"about":[{"href":"https:\/\/maxmoduler.se\/en\/wp-json\/wp\/v2\/types\/product"}],"wp:featuredmedia":[{"embeddable":true,"href":"https:\/\/maxmoduler.se\/en\/wp-json\/wp\/v2\/media\/1669"}],"wp:attachment":[{"href":"https:\/\/maxmoduler.se\/en\/wp-json\/wp\/v2\/media?parent=1510"}],"wp:term":[{"taxonomy":"product_brand","embeddable":true,"href":"https:\/\/maxmoduler.se\/en\/wp-json\/wp\/v2\/product_brand?post=1510"},{"taxonomy":"product_cat","embeddable":true,"href":"https:\/\/maxmoduler.se\/en\/wp-json\/wp\/v2\/product_cat?post=1510"},{"taxonomy":"product_tag","embeddable":true,"href":"https:\/\/maxmoduler.se\/en\/wp-json\/wp\/v2\/product_tag?post=1510"}],"curies":[{"name":"wp","href":"https:\/\/api.w.org\/{rel}","templated":true}]}}