{"id":1531,"date":"2025-04-14T13:27:55","date_gmt":"2025-04-14T11:27:55","guid":{"rendered":"https:\/\/hemi.a.vaia.cloud\/?post_type=product&#038;p=1531"},"modified":"2025-06-12T14:06:50","modified_gmt":"2025-06-12T12:06:50","slug":"shower-mixer-tap-fmm-9000e-one-hand-mixer-tap","status":"publish","type":"product","link":"https:\/\/maxmoduler.se\/en\/product-2\/shower-mixer-tap-fmm-9000e-one-hand-mixer-tap\/","title":{"rendered":"Shower mixer FMM 9000E"},"content":{"rendered":"<p>Shower mixer FMM 9000E, single-lever mixer from FM Mattsson. C\/C: 40 mm.<br \/>\n(Skanska)<\/p>\n<p>Features:<\/p>\n<ul>\n<li>Connection down.<\/li>\n<li>Soft closing with ceramic shut-off inlet down.<\/li>\n<li>With type-approved check valves in the outlet.<\/li>\n<li>With wall sealant.<\/li>\n<li>Downward connection, can be changed to upward connection, nipple and plug are interchanged.<\/li>\n<li>Shower connection distance from wall: 60 mm.<\/li>\n<li>NOTE! Must not be used in conjunction with a self-closing hand shower.<\/li>\n<\/ul>","protected":false},"excerpt":{"rendered":"<p>Duschblandare FMM 9000E, engreppsblandare fr\u00e5n FM Mattsson. C\/C: 40 mm. (Skanska) Egenskaper: Anslutning ned. Mjukst\u00e4ngande med keramisk avst\u00e4ngning inlopp ned. Med typgodk\u00e4nda backventiler i utloppet. Med v\u00e4ggt\u00e4tning. Anslutning ned, kan \u00e4ndras till anslutning upp, nippel och plugg skiftas. Duschansl. utspr\u00e5ng fr\u00e5n v\u00e4gg: 60 mm. OBS! F\u00e5r ej anv\u00e4ndas tillsammans med sj\u00e4lvst\u00e4ngande handdusch.<\/p>","protected":false},"featured_media":3298,"template":"","meta":{"_acf_changed":false},"product_brand":[110],"product_cat":[35],"product_tag":[89,59,86],"class_list":{"0":"post-1531","1":"product","2":"type-product","3":"status-publish","4":"has-post-thumbnail","6":"product_brand-fmm","7":"product_cat-tillbehor","8":"product_tag-blandare","9":"product_tag-dusch","10":"product_tag-vvs","12":"first","13":"instock","14":"shipping-taxable","15":"product-type-simple"},"acf":[],"_links":{"self":[{"href":"https:\/\/maxmoduler.se\/en\/wp-json\/wp\/v2\/product\/1531","targetHints":{"allow":["GET"]}}],"collection":[{"href":"https:\/\/maxmoduler.se\/en\/wp-json\/wp\/v2\/product"}],"about":[{"href":"https:\/\/maxmoduler.se\/en\/wp-json\/wp\/v2\/types\/product"}],"wp:featuredmedia":[{"embeddable":true,"href":"https:\/\/maxmoduler.se\/en\/wp-json\/wp\/v2\/media\/3298"}],"wp:attachment":[{"href":"https:\/\/maxmoduler.se\/en\/wp-json\/wp\/v2\/media?parent=1531"}],"wp:term":[{"taxonomy":"product_brand","embeddable":true,"href":"https:\/\/maxmoduler.se\/en\/wp-json\/wp\/v2\/product_brand?post=1531"},{"taxonomy":"product_cat","embeddable":true,"href":"https:\/\/maxmoduler.se\/en\/wp-json\/wp\/v2\/product_cat?post=1531"},{"taxonomy":"product_tag","embeddable":true,"href":"https:\/\/maxmoduler.se\/en\/wp-json\/wp\/v2\/product_tag?post=1531"}],"curies":[{"name":"wp","href":"https:\/\/api.w.org\/{rel}","templated":true}]}}