{"id":1536,"date":"2025-04-14T14:22:04","date_gmt":"2025-04-14T12:22:04","guid":{"rendered":"https:\/\/hemi.a.vaia.cloud\/?post_type=product&#038;p=1536"},"modified":"2025-04-23T19:45:45","modified_gmt":"2025-04-23T17:45:45","slug":"bathroom-fan-vit-intellivent","status":"publish","type":"product","link":"https:\/\/maxmoduler.se\/en\/product-2\/bathroom-fan-vit-intellivent\/","title":{"rendered":"Bathroom fan Fresh Intellivent white"},"content":{"rendered":"<p>Fresh Intellivent is a fan for professionals. The fan has set a new standard for bathroom fans with its intelligent humidity control and all other functions combined in a single fan. Its low noise level and technology that harmonises with its luxurious design make it a favourite with both installers and users.<\/p>\n<p><strong>Advantages:<\/strong><\/p>\n<ul>\n<li>Intelligent &amp; self-adjusting humidity control<\/li>\n<li>One model \u2013 all functions<\/li>\n<li>Quiet \u2013 only 21dB(A)<\/li>\n<li>Can be mounted on both ceilings and walls<\/li>\n<li>Removable fan wheel<\/li>\n<\/ul>","protected":false},"excerpt":{"rendered":"<p>Fresh Intellivent \u00e4r en fl\u00e4kt f\u00f6r proffs. Fl\u00e4kten har skapat en ny standard f\u00f6r badrumsfl\u00e4ktar med sin intelligenta fuktstyrning och att samtliga \u00f6vriga funktioner \u00e4r samlade i en och samma fl\u00e4kt. Den l\u00e5ga ljudniv\u00e5n och att tekniken harmonierar med den p\u00e5kostade designen g\u00f6r den till en favorit b\u00e5de hos installat\u00f6r och anv\u00e4ndare. F\u00f6rdelar: Intelligent &#038; [&hellip;]<\/p>","protected":false},"featured_media":1622,"template":"","meta":{"_acf_changed":false},"product_brand":[129],"product_cat":[35],"product_tag":[90,86],"class_list":{"0":"post-1536","1":"product","2":"type-product","3":"status-publish","4":"has-post-thumbnail","6":"product_brand-fresh","7":"product_cat-tillbehor","8":"product_tag-ventilation","9":"product_tag-vvs","11":"first","12":"instock","13":"shipping-taxable","14":"product-type-simple"},"acf":[],"_links":{"self":[{"href":"https:\/\/maxmoduler.se\/en\/wp-json\/wp\/v2\/product\/1536","targetHints":{"allow":["GET"]}}],"collection":[{"href":"https:\/\/maxmoduler.se\/en\/wp-json\/wp\/v2\/product"}],"about":[{"href":"https:\/\/maxmoduler.se\/en\/wp-json\/wp\/v2\/types\/product"}],"wp:featuredmedia":[{"embeddable":true,"href":"https:\/\/maxmoduler.se\/en\/wp-json\/wp\/v2\/media\/1622"}],"wp:attachment":[{"href":"https:\/\/maxmoduler.se\/en\/wp-json\/wp\/v2\/media?parent=1536"}],"wp:term":[{"taxonomy":"product_brand","embeddable":true,"href":"https:\/\/maxmoduler.se\/en\/wp-json\/wp\/v2\/product_brand?post=1536"},{"taxonomy":"product_cat","embeddable":true,"href":"https:\/\/maxmoduler.se\/en\/wp-json\/wp\/v2\/product_cat?post=1536"},{"taxonomy":"product_tag","embeddable":true,"href":"https:\/\/maxmoduler.se\/en\/wp-json\/wp\/v2\/product_tag?post=1536"}],"curies":[{"name":"wp","href":"https:\/\/api.w.org\/{rel}","templated":true}]}}