{"id":1541,"date":"2025-04-15T09:00:41","date_gmt":"2025-04-15T07:00:41","guid":{"rendered":"https:\/\/hemi.a.vaia.cloud\/?post_type=product&#038;p=1541"},"modified":"2025-06-12T13:55:55","modified_gmt":"2025-06-12T11:55:55","slug":"wash-through-mixer-tap-fmm-9000e","status":"publish","type":"product","link":"https:\/\/maxmoduler.se\/en\/product-2\/wash-through-mixer-tap-fmm-9000e\/","title":{"rendered":"Single-lever laundry mixer tap FMM 9000E"},"content":{"rendered":"<p>Single-lever mixer FMM 9000E from FM Mattsson for installation in washing sinks.<\/p>\n<ul>\n<li>Features:<\/li>\n<li>Cold start function.<\/li>\n<li>Soft closing with ceramic shut-off.<\/li>\n<li>Built-in, easily adjustable flow restriction and temperature lock.<\/li>\n<li>Fixed or fully swivel spout.<\/li>\n<li>With Soft PEX\u00ae pipes.<\/li>\n<li>Length of connecting pipe: 410 mm.<\/li>\n<li>Hole dimensions \u00d833.5\u201337 mm.<\/li>\n<li>Outer diameter of foot \u00d852 mm.<\/li>\n<\/ul>","protected":false},"excerpt":{"rendered":"<p>Engreppsblandare FMM 9000E fr\u00e5n FM Mattsson f\u00f6r montage i tv\u00e4ttr\u00e4nna. Egenskaper: Kallstartsfunktion. Mjukst\u00e4ngande med keramisk avst\u00e4ngning. Inbyggd, l\u00e4tt omst\u00e4llbar fl\u00f6desbegr\u00e4nsning och temperatursp\u00e4rr. Fast, eller fullt sv\u00e4ngbar pip. Med Soft PEX\u00ae-r\u00f6r. L\u00e4ngd anslutningsr\u00f6r: 410 mm. H\u00e5lm\u00e5tt \u00d833,5\u201337 mm. Ytterdiameter fot \u00d852 mm.<\/p>","protected":false},"featured_media":3297,"template":"","meta":{"_acf_changed":false},"product_brand":[110],"product_cat":[35],"product_tag":[89,109,86],"class_list":{"0":"post-1541","1":"product","2":"type-product","3":"status-publish","4":"has-post-thumbnail","6":"product_brand-fmm","7":"product_cat-tillbehor","8":"product_tag-blandare","9":"product_tag-tvattstall-och-rannor","10":"product_tag-vvs","12":"first","13":"instock","14":"shipping-taxable","15":"product-type-simple"},"acf":[],"_links":{"self":[{"href":"https:\/\/maxmoduler.se\/en\/wp-json\/wp\/v2\/product\/1541","targetHints":{"allow":["GET"]}}],"collection":[{"href":"https:\/\/maxmoduler.se\/en\/wp-json\/wp\/v2\/product"}],"about":[{"href":"https:\/\/maxmoduler.se\/en\/wp-json\/wp\/v2\/types\/product"}],"wp:featuredmedia":[{"embeddable":true,"href":"https:\/\/maxmoduler.se\/en\/wp-json\/wp\/v2\/media\/3297"}],"wp:attachment":[{"href":"https:\/\/maxmoduler.se\/en\/wp-json\/wp\/v2\/media?parent=1541"}],"wp:term":[{"taxonomy":"product_brand","embeddable":true,"href":"https:\/\/maxmoduler.se\/en\/wp-json\/wp\/v2\/product_brand?post=1541"},{"taxonomy":"product_cat","embeddable":true,"href":"https:\/\/maxmoduler.se\/en\/wp-json\/wp\/v2\/product_cat?post=1541"},{"taxonomy":"product_tag","embeddable":true,"href":"https:\/\/maxmoduler.se\/en\/wp-json\/wp\/v2\/product_tag?post=1541"}],"curies":[{"name":"wp","href":"https:\/\/api.w.org\/{rel}","templated":true}]}}