{"id":1543,"date":"2025-04-15T09:14:53","date_gmt":"2025-04-15T07:14:53","guid":{"rendered":"https:\/\/hemi.a.vaia.cloud\/?post_type=product&#038;p=1543"},"modified":"2025-04-23T18:57:48","modified_gmt":"2025-04-23T16:57:48","slug":"mixer-tap-for-wash-sink","status":"publish","type":"product","link":"https:\/\/maxmoduler.se\/en\/product-2\/mixer-tap-for-wash-sink\/","title":{"rendered":"Flush mixer for sink FMM 3159-0610"},"content":{"rendered":"<p>FMM 3159-0610 flush mixer from FM Matsson with two handles for swing-out spout.<\/p>\n<p>Two-handle mixer tap.<\/p>","protected":false},"excerpt":{"rendered":"<p>Spolblandare FMM 3159-0610 fr\u00e5n FM Matsson med tv\u00e5grepp f\u00f6r utslagsback. Tv\u00e5rattsblandare.<\/p>","protected":false},"featured_media":1674,"template":"","meta":{"_acf_changed":false},"product_brand":[110],"product_cat":[35],"product_tag":[89,109,86],"class_list":{"0":"post-1543","1":"product","2":"type-product","3":"status-publish","4":"has-post-thumbnail","6":"product_brand-fmm","7":"product_cat-tillbehor","8":"product_tag-blandare","9":"product_tag-tvattstall-och-rannor","10":"product_tag-vvs","12":"first","13":"instock","14":"shipping-taxable","15":"product-type-simple"},"acf":[],"_links":{"self":[{"href":"https:\/\/maxmoduler.se\/en\/wp-json\/wp\/v2\/product\/1543","targetHints":{"allow":["GET"]}}],"collection":[{"href":"https:\/\/maxmoduler.se\/en\/wp-json\/wp\/v2\/product"}],"about":[{"href":"https:\/\/maxmoduler.se\/en\/wp-json\/wp\/v2\/types\/product"}],"wp:featuredmedia":[{"embeddable":true,"href":"https:\/\/maxmoduler.se\/en\/wp-json\/wp\/v2\/media\/1674"}],"wp:attachment":[{"href":"https:\/\/maxmoduler.se\/en\/wp-json\/wp\/v2\/media?parent=1543"}],"wp:term":[{"taxonomy":"product_brand","embeddable":true,"href":"https:\/\/maxmoduler.se\/en\/wp-json\/wp\/v2\/product_brand?post=1543"},{"taxonomy":"product_cat","embeddable":true,"href":"https:\/\/maxmoduler.se\/en\/wp-json\/wp\/v2\/product_cat?post=1543"},{"taxonomy":"product_tag","embeddable":true,"href":"https:\/\/maxmoduler.se\/en\/wp-json\/wp\/v2\/product_tag?post=1543"}],"curies":[{"name":"wp","href":"https:\/\/api.w.org\/{rel}","templated":true}]}}