{"id":1549,"date":"2025-04-15T13:47:32","date_gmt":"2025-04-15T11:47:32","guid":{"rendered":"https:\/\/hemi.a.vaia.cloud\/?post_type=product&#038;p=1549"},"modified":"2025-04-15T16:43:03","modified_gmt":"2025-04-15T14:43:03","slug":"dehumidifier-canvac-caf2201v","status":"publish","type":"product","link":"https:\/\/maxmoduler.se\/en\/product-2\/dehumidifier-canvac-caf2201v\/","title":{"rendered":"Dehumidifier Canvac CAF2201V"},"content":{"rendered":"<p>The CAF2201V dehumidifier from Canvac is fully automatic and can dehumidify 20 litres per day. The model is ideal for areas between 37-52 m\u00b2 and has a modern design that is easy to move around as needed.<\/p>\n<p>The dehumidifier is equipped with a digital display that shows the current humidity. The operating temperature is 5-32 \u00b0C and the humidity setting is 35-85 %.<\/p>","protected":false},"excerpt":{"rendered":"<p>Luftavfuktare CAF2201V fr\u00e5n Canvac \u00e4r helautomatisk och klarar att avfukta 20 liter per dygn. Modellen \u00e4r optimal f\u00f6r ytor mellan 37-52 m\u00b2 och har en modern design som \u00e4r l\u00e4tt att f\u00f6rflytta efter behov. Luftavfuktaren \u00e4r utrustad med en digital display som visar den aktuella luftfuktigheten. Arbetstemperaturen \u00e4r 5-32 \u00b0C och fuktinst\u00e4llningen 35-85 %.<\/p>","protected":false},"featured_media":1613,"template":"","meta":{"_acf_changed":false},"product_brand":[114],"product_cat":[35],"product_tag":[91,90,86],"class_list":{"0":"post-1549","1":"product","2":"type-product","3":"status-publish","4":"has-post-thumbnail","6":"product_brand-canvac","7":"product_cat-tillbehor","8":"product_tag-varme","9":"product_tag-ventilation","10":"product_tag-vvs","12":"first","13":"instock","14":"shipping-taxable","15":"product-type-simple"},"acf":[],"_links":{"self":[{"href":"https:\/\/maxmoduler.se\/en\/wp-json\/wp\/v2\/product\/1549","targetHints":{"allow":["GET"]}}],"collection":[{"href":"https:\/\/maxmoduler.se\/en\/wp-json\/wp\/v2\/product"}],"about":[{"href":"https:\/\/maxmoduler.se\/en\/wp-json\/wp\/v2\/types\/product"}],"wp:featuredmedia":[{"embeddable":true,"href":"https:\/\/maxmoduler.se\/en\/wp-json\/wp\/v2\/media\/1613"}],"wp:attachment":[{"href":"https:\/\/maxmoduler.se\/en\/wp-json\/wp\/v2\/media?parent=1549"}],"wp:term":[{"taxonomy":"product_brand","embeddable":true,"href":"https:\/\/maxmoduler.se\/en\/wp-json\/wp\/v2\/product_brand?post=1549"},{"taxonomy":"product_cat","embeddable":true,"href":"https:\/\/maxmoduler.se\/en\/wp-json\/wp\/v2\/product_cat?post=1549"},{"taxonomy":"product_tag","embeddable":true,"href":"https:\/\/maxmoduler.se\/en\/wp-json\/wp\/v2\/product_tag?post=1549"}],"curies":[{"name":"wp","href":"https:\/\/api.w.org\/{rel}","templated":true}]}}