{"id":1550,"date":"2025-04-15T13:52:02","date_gmt":"2025-04-15T11:52:02","guid":{"rendered":"https:\/\/hemi.a.vaia.cloud\/?post_type=product&#038;p=1550"},"modified":"2025-04-15T16:43:03","modified_gmt":"2025-04-15T14:43:03","slug":"air-heater-daikin-solo-r20","status":"publish","type":"product","link":"https:\/\/maxmoduler.se\/en\/product-2\/air-heater-daikin-solo-r20\/","title":{"rendered":"Daikin Solo R20 air heat pump"},"content":{"rendered":"<p>Daikin Solo R20 air heat pump. An affordable and efficient air source heat pump. <\/p>\n<p>The Solo R wall model uses the new environmentally friendly and efficient refrigerant R-32. <\/p>\n<p>Excellent for both heating and air conditioning. Discreet design and very quiet operation.<\/p>","protected":false},"excerpt":{"rendered":"<p>Luftv\u00e4rmepump Daikin Solo R20. En prisv\u00e4rd och effektiv luftv\u00e4rmepump. V\u00e4ggmodellen Solo R anv\u00e4nder det nya milj\u00f6v\u00e4nliga och effektiva k\u00f6ldmediumet R-32. Utm\u00e4rkt f\u00f6r b\u00e5de v\u00e4rme och luftkonditionering. Diskret design och mycket tystg\u00e5ende.<\/p>","protected":false},"featured_media":1617,"template":"","meta":{"_acf_changed":false},"product_brand":[115],"product_cat":[35],"product_tag":[91,90,86],"class_list":{"0":"post-1550","1":"product","2":"type-product","3":"status-publish","4":"has-post-thumbnail","6":"product_brand-daikin","7":"product_cat-tillbehor","8":"product_tag-varme","9":"product_tag-ventilation","10":"product_tag-vvs","12":"first","13":"instock","14":"shipping-taxable","15":"product-type-simple"},"acf":[],"_links":{"self":[{"href":"https:\/\/maxmoduler.se\/en\/wp-json\/wp\/v2\/product\/1550","targetHints":{"allow":["GET"]}}],"collection":[{"href":"https:\/\/maxmoduler.se\/en\/wp-json\/wp\/v2\/product"}],"about":[{"href":"https:\/\/maxmoduler.se\/en\/wp-json\/wp\/v2\/types\/product"}],"wp:featuredmedia":[{"embeddable":true,"href":"https:\/\/maxmoduler.se\/en\/wp-json\/wp\/v2\/media\/1617"}],"wp:attachment":[{"href":"https:\/\/maxmoduler.se\/en\/wp-json\/wp\/v2\/media?parent=1550"}],"wp:term":[{"taxonomy":"product_brand","embeddable":true,"href":"https:\/\/maxmoduler.se\/en\/wp-json\/wp\/v2\/product_brand?post=1550"},{"taxonomy":"product_cat","embeddable":true,"href":"https:\/\/maxmoduler.se\/en\/wp-json\/wp\/v2\/product_cat?post=1550"},{"taxonomy":"product_tag","embeddable":true,"href":"https:\/\/maxmoduler.se\/en\/wp-json\/wp\/v2\/product_tag?post=1550"}],"curies":[{"name":"wp","href":"https:\/\/api.w.org\/{rel}","templated":true}]}}