{"id":1553,"date":"2025-04-15T14:05:43","date_gmt":"2025-04-15T12:05:43","guid":{"rendered":"https:\/\/hemi.a.vaia.cloud\/?post_type=product&#038;p=1553"},"modified":"2025-06-12T12:10:38","modified_gmt":"2025-06-12T10:10:38","slug":"freezer-right","status":"publish","type":"product","link":"https:\/\/maxmoduler.se\/en\/product-2\/freezer-right\/","title":{"rendered":"Freezer cabinet, right-hand Cylinda F2385NHE"},"content":{"rendered":"<p>Spacious freezer with plenty of room \u2013 Cylinda F2385NHE with right-hinged door.<\/p>\n<p>The Cylinda F2385NHE is a self-defrosting freezer with an easy-grip metal handle. The large freezer compartment has glass shelves and spacious drawers. The doors can be re-hung.<\/p>\n<p>Item number: 10839293<\/p>","protected":false},"excerpt":{"rendered":"<p>Rymlig frys med gott om plats &#8211; Cylinda F2385NHE med h\u00f6gerh\u00e4ngd d\u00f6rr. Cylinda F2385NHE \u00e4r ett sj\u00e4lvavfrostande fryssk\u00e5p med greppv\u00e4nligt metallhandtag. I det stora frysutrymmet finns glashyllor och rymliga l\u00e5dor. D\u00f6rrarna \u00e4r omh\u00e4ngningsbara. Artikelnummer: 10839293<\/p>","protected":false},"featured_media":3292,"template":"","meta":{"_acf_changed":false},"product_brand":[116],"product_cat":[35],"product_tag":[45,79,92,85],"class_list":{"0":"post-1553","1":"product","2":"type-product","3":"status-publish","4":"has-post-thumbnail","6":"product_brand-cylinda","7":"product_cat-tillbehor","8":"product_tag-frysbox","9":"product_tag-kok","10":"product_tag-kyl-frys","11":"product_tag-vitvaror","13":"first","14":"instock","15":"shipping-taxable","16":"product-type-simple"},"acf":[],"_links":{"self":[{"href":"https:\/\/maxmoduler.se\/en\/wp-json\/wp\/v2\/product\/1553","targetHints":{"allow":["GET"]}}],"collection":[{"href":"https:\/\/maxmoduler.se\/en\/wp-json\/wp\/v2\/product"}],"about":[{"href":"https:\/\/maxmoduler.se\/en\/wp-json\/wp\/v2\/types\/product"}],"wp:featuredmedia":[{"embeddable":true,"href":"https:\/\/maxmoduler.se\/en\/wp-json\/wp\/v2\/media\/3292"}],"wp:attachment":[{"href":"https:\/\/maxmoduler.se\/en\/wp-json\/wp\/v2\/media?parent=1553"}],"wp:term":[{"taxonomy":"product_brand","embeddable":true,"href":"https:\/\/maxmoduler.se\/en\/wp-json\/wp\/v2\/product_brand?post=1553"},{"taxonomy":"product_cat","embeddable":true,"href":"https:\/\/maxmoduler.se\/en\/wp-json\/wp\/v2\/product_cat?post=1553"},{"taxonomy":"product_tag","embeddable":true,"href":"https:\/\/maxmoduler.se\/en\/wp-json\/wp\/v2\/product_tag?post=1553"}],"curies":[{"name":"wp","href":"https:\/\/api.w.org\/{rel}","templated":true}]}}