{"id":1556,"date":"2025-04-15T14:22:46","date_gmt":"2025-04-15T12:22:46","guid":{"rendered":"https:\/\/hemi.a.vaia.cloud\/?post_type=product&#038;p=1556"},"modified":"2025-06-12T12:10:38","modified_gmt":"2025-06-12T10:10:38","slug":"refrigerator-freezer-left-cylinda-2385","status":"publish","type":"product","link":"https:\/\/maxmoduler.se\/en\/product-2\/refrigerator-freezer-left-cylinda-2385\/","title":{"rendered":"Refrigerator\/Freezer left Cylinda KF2266XLFVE"},"content":{"rendered":"<p>Compact fridge-freezer for smaller spaces \u2013 Cylinda KF2266XLFVE with left-hinged door.<\/p>\n<p>This neat fridge-freezer is a no-frost model, which means that the freezer does not need to be defrosted as often. The handles are sturdy and easy to grip. Storage spaces such as glass shelves and drawers are transparent, making it easy to see what food you have at home.<br \/>\nThe doors are rehangable. <\/p>\n<p>Manufacturer's item number: 10839271<\/p>","protected":false},"excerpt":{"rendered":"<p>Smidig kylfrys f\u00f6r de mindre ytorna &#8211; Cylinda KF2266XLFVE med v\u00e4nsterh\u00e4ngd d\u00f6rr. Denna n\u00e4tta kylfrys \u00e4r av lessfrost-modell som betyder att frysen inte beh\u00f6ver frostas av s\u00e5 ofta. Handtagen \u00e4r stabila och l\u00e4tta att greppa. F\u00f6rvaringsutrymmen som glashyllor och l\u00e5dor \u00e4r genomskinliga och g\u00f6r det l\u00e4tt att se vilka livsmedel som finns hemma. D\u00f6rrarna \u00e4r [&hellip;]<\/p>","protected":false},"featured_media":3295,"template":"","meta":{"_acf_changed":false},"product_brand":[116],"product_cat":[35],"product_tag":[45,79,92,85],"class_list":{"0":"post-1556","1":"product","2":"type-product","3":"status-publish","4":"has-post-thumbnail","6":"product_brand-cylinda","7":"product_cat-tillbehor","8":"product_tag-frysbox","9":"product_tag-kok","10":"product_tag-kyl-frys","11":"product_tag-vitvaror","13":"first","14":"instock","15":"shipping-taxable","16":"product-type-simple"},"acf":[],"_links":{"self":[{"href":"https:\/\/maxmoduler.se\/en\/wp-json\/wp\/v2\/product\/1556","targetHints":{"allow":["GET"]}}],"collection":[{"href":"https:\/\/maxmoduler.se\/en\/wp-json\/wp\/v2\/product"}],"about":[{"href":"https:\/\/maxmoduler.se\/en\/wp-json\/wp\/v2\/types\/product"}],"wp:featuredmedia":[{"embeddable":true,"href":"https:\/\/maxmoduler.se\/en\/wp-json\/wp\/v2\/media\/3295"}],"wp:attachment":[{"href":"https:\/\/maxmoduler.se\/en\/wp-json\/wp\/v2\/media?parent=1556"}],"wp:term":[{"taxonomy":"product_brand","embeddable":true,"href":"https:\/\/maxmoduler.se\/en\/wp-json\/wp\/v2\/product_brand?post=1556"},{"taxonomy":"product_cat","embeddable":true,"href":"https:\/\/maxmoduler.se\/en\/wp-json\/wp\/v2\/product_cat?post=1556"},{"taxonomy":"product_tag","embeddable":true,"href":"https:\/\/maxmoduler.se\/en\/wp-json\/wp\/v2\/product_tag?post=1556"}],"curies":[{"name":"wp","href":"https:\/\/api.w.org\/{rel}","templated":true}]}}