{"id":1558,"date":"2025-04-15T14:22:48","date_gmt":"2025-04-15T12:22:48","guid":{"rendered":"https:\/\/hemi.a.vaia.cloud\/?post_type=product&#038;p=1558"},"modified":"2025-06-12T09:35:59","modified_gmt":"2025-06-12T07:35:59","slug":"refrigerator-left-cylinda-2385","status":"publish","type":"product","link":"https:\/\/maxmoduler.se\/en\/product-2\/refrigerator-left-cylinda-2385\/","title":{"rendered":"Refrigerator left Cylinda 2385VE"},"content":{"rendered":"<p>Spacious refrigerator with room for most things. The K2385VE is a refrigerator from Cylinda with a left-hinged door.<\/p>\n<p>The Cylinda K2385VE is a spacious refrigerator with a sturdy metal handle. Dual flow technology distributes the cold air evenly and maintains the right humidity throughout the cabinet, which is particularly beneficial for sensitive foods such as vegetables. <\/p>\n<p>Large, spacious shelves and efficient LED lighting. A specially adapted cold drawer for fish and meat storage. The doors are reversible. <\/p>\n<p>Manufacturer's item number: 10839285<\/p>","protected":false},"excerpt":{"rendered":"<p>Rymlig kyl med plats f\u00f6r det mesta. K2385VE \u00e4r ett kylsk\u00e5p fr\u00e5n Cylinda med v\u00e4nsterh\u00e4ngd d\u00f6rr. Cylinda K2385VE \u00e4r ett rymligt kylsk\u00e5p med stabilt metallhandtag. Genom Dual flow-teknik sprids kylan j\u00e4mnt och ger r\u00e4tt luftfuktighet i hela sk\u00e5pet, vilket \u00e4r bra framf\u00f6rallt f\u00f6r lite k\u00e4nsliga livsmedel som till exempel gr\u00f6nsaker. Stora rymliga hyllplan och effektiv [&hellip;]<\/p>","protected":false},"featured_media":3282,"template":"","meta":{"_acf_changed":false},"product_brand":[116],"product_cat":[35],"product_tag":[45,79,92,85],"class_list":{"0":"post-1558","1":"product","2":"type-product","3":"status-publish","4":"has-post-thumbnail","6":"product_brand-cylinda","7":"product_cat-tillbehor","8":"product_tag-frysbox","9":"product_tag-kok","10":"product_tag-kyl-frys","11":"product_tag-vitvaror","13":"first","14":"instock","15":"shipping-taxable","16":"product-type-simple"},"acf":[],"_links":{"self":[{"href":"https:\/\/maxmoduler.se\/en\/wp-json\/wp\/v2\/product\/1558","targetHints":{"allow":["GET"]}}],"collection":[{"href":"https:\/\/maxmoduler.se\/en\/wp-json\/wp\/v2\/product"}],"about":[{"href":"https:\/\/maxmoduler.se\/en\/wp-json\/wp\/v2\/types\/product"}],"wp:featuredmedia":[{"embeddable":true,"href":"https:\/\/maxmoduler.se\/en\/wp-json\/wp\/v2\/media\/3282"}],"wp:attachment":[{"href":"https:\/\/maxmoduler.se\/en\/wp-json\/wp\/v2\/media?parent=1558"}],"wp:term":[{"taxonomy":"product_brand","embeddable":true,"href":"https:\/\/maxmoduler.se\/en\/wp-json\/wp\/v2\/product_brand?post=1558"},{"taxonomy":"product_cat","embeddable":true,"href":"https:\/\/maxmoduler.se\/en\/wp-json\/wp\/v2\/product_cat?post=1558"},{"taxonomy":"product_tag","embeddable":true,"href":"https:\/\/maxmoduler.se\/en\/wp-json\/wp\/v2\/product_tag?post=1558"}],"curies":[{"name":"wp","href":"https:\/\/api.w.org\/{rel}","templated":true}]}}