{"id":1559,"date":"2025-04-15T14:22:49","date_gmt":"2025-04-15T12:22:49","guid":{"rendered":"https:\/\/hemi.a.vaia.cloud\/?post_type=product&#038;p=1559"},"modified":"2025-06-12T09:26:24","modified_gmt":"2025-06-12T07:26:24","slug":"refrigerator-right-cylinda-1085e","status":"publish","type":"product","link":"https:\/\/maxmoduler.se\/en\/product-2\/refrigerator-right-cylinda-1085e\/","title":{"rendered":"Refrigerator, right-hand Cylinda 1085E"},"content":{"rendered":"<p>The refrigerator for small spaces \u2013 Cylinda K1085E. A smaller refrigerator with a right-hinged door. Height 1085 mm.<\/p>\n<p>Cylinda K1085E is a small refrigerator with generous storage space, designed for smaller spaces. It features glass shelves and a reversible door with an integrated handle. <\/p>\n<p>Manufacturer's item number: 10839190<\/p>","protected":false},"excerpt":{"rendered":"<p>Kylsk\u00e5pet f\u00f6r sm\u00e5 utrymmen &#8211; Cylinda K1085E. Ett mindre kylsk\u00e5p med h\u00f6gerh\u00e4ngd d\u00f6rr. H\u00f6jd 1085 mm. Cylinda K1085E \u00e4r ett litet kylsk\u00e5p med gener\u00f6s f\u00f6rvaring, f\u00f6r mindre utrymmen. Med glashyllor och d\u00f6rr som \u00e4r omh\u00e4ngningsbar samt har integrerat handtag. Tillverkarens artikelnummer: 10839190<\/p>","protected":false},"featured_media":3281,"template":"","meta":{"_acf_changed":false},"product_brand":[116],"product_cat":[35],"product_tag":[45,79,92,85],"class_list":{"0":"post-1559","1":"product","2":"type-product","3":"status-publish","4":"has-post-thumbnail","6":"product_brand-cylinda","7":"product_cat-tillbehor","8":"product_tag-frysbox","9":"product_tag-kok","10":"product_tag-kyl-frys","11":"product_tag-vitvaror","13":"first","14":"instock","15":"shipping-taxable","16":"product-type-simple"},"acf":[],"_links":{"self":[{"href":"https:\/\/maxmoduler.se\/en\/wp-json\/wp\/v2\/product\/1559","targetHints":{"allow":["GET"]}}],"collection":[{"href":"https:\/\/maxmoduler.se\/en\/wp-json\/wp\/v2\/product"}],"about":[{"href":"https:\/\/maxmoduler.se\/en\/wp-json\/wp\/v2\/types\/product"}],"wp:featuredmedia":[{"embeddable":true,"href":"https:\/\/maxmoduler.se\/en\/wp-json\/wp\/v2\/media\/3281"}],"wp:attachment":[{"href":"https:\/\/maxmoduler.se\/en\/wp-json\/wp\/v2\/media?parent=1559"}],"wp:term":[{"taxonomy":"product_brand","embeddable":true,"href":"https:\/\/maxmoduler.se\/en\/wp-json\/wp\/v2\/product_brand?post=1559"},{"taxonomy":"product_cat","embeddable":true,"href":"https:\/\/maxmoduler.se\/en\/wp-json\/wp\/v2\/product_cat?post=1559"},{"taxonomy":"product_tag","embeddable":true,"href":"https:\/\/maxmoduler.se\/en\/wp-json\/wp\/v2\/product_tag?post=1559"}],"curies":[{"name":"wp","href":"https:\/\/api.w.org\/{rel}","templated":true}]}}