{"id":1560,"date":"2025-04-15T14:28:45","date_gmt":"2025-04-15T12:28:45","guid":{"rendered":"https:\/\/hemi.a.vaia.cloud\/?post_type=product&#038;p=1560"},"modified":"2025-04-15T16:43:03","modified_gmt":"2025-04-15T14:43:03","slug":"dishwasher-cylinda-dm3110e","status":"publish","type":"product","link":"https:\/\/maxmoduler.se\/en\/product-2\/dishwasher-cylinda-dm3110e\/","title":{"rendered":"Dishwasher Cylinda DM3110E"},"content":{"rendered":"<p>Easy-to-use dishwasher with auto programme, good baskets and cutlery tray. Width 600 mm.<\/p>\n<p>The DM3110E from Cylinda is a dishwasher that holds 13 place settings and has a noise level of 48 dB. It has both Auto Wash and Intensive Wash programmes, as well as several other programmes. It has flexible, stable baskets with extra space at the front. Energy class E.<\/p>","protected":false},"excerpt":{"rendered":"<p>L\u00e4tthanterlig diskmaskin med autoprogram och bra korgar samt knivl\u00e5da. Bredd 600 mm. DM3110E fr\u00e5n Cylinda \u00e4r en diskmaskin som rymmer 13 kuvert och som har en ljudniv\u00e5 p\u00e5 48 dB. Den har b\u00e5de Autodisk, Intensivdisk och flera andra program. Den har flexibla stabila korgar med extra utrymma framtill. Energiklass E.<\/p>","protected":false},"featured_media":1615,"template":"","meta":{"_acf_changed":false},"product_brand":[116],"product_cat":[35],"product_tag":[93,79,85],"class_list":{"0":"post-1560","1":"product","2":"type-product","3":"status-publish","4":"has-post-thumbnail","6":"product_brand-cylinda","7":"product_cat-tillbehor","8":"product_tag-diskmaskin","9":"product_tag-kok","10":"product_tag-vitvaror","12":"first","13":"instock","14":"shipping-taxable","15":"product-type-simple"},"acf":[],"_links":{"self":[{"href":"https:\/\/maxmoduler.se\/en\/wp-json\/wp\/v2\/product\/1560","targetHints":{"allow":["GET"]}}],"collection":[{"href":"https:\/\/maxmoduler.se\/en\/wp-json\/wp\/v2\/product"}],"about":[{"href":"https:\/\/maxmoduler.se\/en\/wp-json\/wp\/v2\/types\/product"}],"wp:featuredmedia":[{"embeddable":true,"href":"https:\/\/maxmoduler.se\/en\/wp-json\/wp\/v2\/media\/1615"}],"wp:attachment":[{"href":"https:\/\/maxmoduler.se\/en\/wp-json\/wp\/v2\/media?parent=1560"}],"wp:term":[{"taxonomy":"product_brand","embeddable":true,"href":"https:\/\/maxmoduler.se\/en\/wp-json\/wp\/v2\/product_brand?post=1560"},{"taxonomy":"product_cat","embeddable":true,"href":"https:\/\/maxmoduler.se\/en\/wp-json\/wp\/v2\/product_cat?post=1560"},{"taxonomy":"product_tag","embeddable":true,"href":"https:\/\/maxmoduler.se\/en\/wp-json\/wp\/v2\/product_tag?post=1560"}],"curies":[{"name":"wp","href":"https:\/\/api.w.org\/{rel}","templated":true}]}}