{"id":1561,"date":"2025-04-15T14:32:23","date_gmt":"2025-04-15T12:32:23","guid":{"rendered":"https:\/\/hemi.a.vaia.cloud\/?post_type=product&#038;p=1561"},"modified":"2025-04-15T16:43:03","modified_gmt":"2025-04-15T14:43:03","slug":"dishwasher-cylinda-dm3105e","status":"publish","type":"product","link":"https:\/\/maxmoduler.se\/en\/product-2\/dishwasher-cylinda-dm3105e\/","title":{"rendered":"Dishwasher Cylinda DM3105E"},"content":{"rendered":"<p>The Cylinda DM 3105 is a 45 cm wide dishwasher with seven different programmes and a noise level of 49 dB. It has programmes such as daily, quick, intensive and eco wash.<\/p>\n<p>The dishwasher holds 10 full place settings and has easy-loading baskets, with the top basket being height-adjustable.<\/p>","protected":false},"excerpt":{"rendered":"<p>Cylinda DM 3105 \u00e4r en 45 cm bred diskmaskin med sju olika program som har en ljudniv\u00e5 p\u00e5 49 dB. Den har t ex daglig, snabb, intensiv och ecodisk. Diskmaskinen rymmer 10 fulla kuvert och har l\u00e4ttlastade korgar d\u00e4r \u00f6verkorgen \u00e4r h\u00f6j- och s\u00e4nkbar.<\/p>","protected":false},"featured_media":1614,"template":"","meta":{"_acf_changed":false},"product_brand":[116],"product_cat":[35],"product_tag":[93,79,85],"class_list":{"0":"post-1561","1":"product","2":"type-product","3":"status-publish","4":"has-post-thumbnail","6":"product_brand-cylinda","7":"product_cat-tillbehor","8":"product_tag-diskmaskin","9":"product_tag-kok","10":"product_tag-vitvaror","12":"first","13":"instock","14":"shipping-taxable","15":"product-type-simple"},"acf":[],"_links":{"self":[{"href":"https:\/\/maxmoduler.se\/en\/wp-json\/wp\/v2\/product\/1561","targetHints":{"allow":["GET"]}}],"collection":[{"href":"https:\/\/maxmoduler.se\/en\/wp-json\/wp\/v2\/product"}],"about":[{"href":"https:\/\/maxmoduler.se\/en\/wp-json\/wp\/v2\/types\/product"}],"wp:featuredmedia":[{"embeddable":true,"href":"https:\/\/maxmoduler.se\/en\/wp-json\/wp\/v2\/media\/1614"}],"wp:attachment":[{"href":"https:\/\/maxmoduler.se\/en\/wp-json\/wp\/v2\/media?parent=1561"}],"wp:term":[{"taxonomy":"product_brand","embeddable":true,"href":"https:\/\/maxmoduler.se\/en\/wp-json\/wp\/v2\/product_brand?post=1561"},{"taxonomy":"product_cat","embeddable":true,"href":"https:\/\/maxmoduler.se\/en\/wp-json\/wp\/v2\/product_cat?post=1561"},{"taxonomy":"product_tag","embeddable":true,"href":"https:\/\/maxmoduler.se\/en\/wp-json\/wp\/v2\/product_tag?post=1561"}],"curies":[{"name":"wp","href":"https:\/\/api.w.org\/{rel}","templated":true}]}}