{"id":1563,"date":"2025-04-15T14:49:40","date_gmt":"2025-04-15T12:49:40","guid":{"rendered":"https:\/\/hemi.a.vaia.cloud\/?post_type=product&#038;p=1563"},"modified":"2025-06-12T09:17:58","modified_gmt":"2025-06-12T07:17:58","slug":"mini-kitchen-1000-right","status":"publish","type":"product","link":"https:\/\/maxmoduler.se\/en\/product-2\/mini-kitchen-1000-right\/","title":{"rendered":"Mini kitchen 1000 right"},"content":{"rendered":"<p>Culina mini kitchen 100 cm with modern worktop in Scandinavian design and large sink unit in a sleek design. Practical wet zone with space for a chopping board.<\/p>\n<p>With double white-lacquered steel panels, refrigerator, sink and hob unit with 60-minute timer. Dish drawer on the right-hand side, hotplates on the left.<\/p>\n<p>Mini kitchen 1000 right has the following dimensions: H 900 x W 1000 x D 610 mm<\/p>","protected":false},"excerpt":{"rendered":"<p>Culina minik\u00f6k 100 cm med modern spisb\u00e4nkstopp i skandinavisk design och stor diskl\u00e5da i stramt formspr\u00e5k. Praktisk v\u00e5tzon med plats f\u00f6r sk\u00e4rbr\u00e4da. Med dubbla vitlackerade st\u00e5lpl\u00e5tar, kylsk\u00e5p, diskb\u00e4nk och kokplattsenhet med 60 min timer. Diskl\u00e5da p\u00e5 h\u00f6ger sida, kokplattor till v\u00e4nster. Minik\u00f6k 1000 h\u00f6ger har m\u00e5tten: H 900 x B 1000 x D 610 mm<\/p>","protected":false},"featured_media":3279,"template":"","meta":{"_acf_changed":false},"product_brand":[158],"product_cat":[35],"product_tag":[79,92,44,85],"class_list":{"0":"post-1563","1":"product","2":"type-product","3":"status-publish","4":"has-post-thumbnail","6":"product_brand-intra","7":"product_cat-tillbehor","8":"product_tag-kok","9":"product_tag-kyl-frys","10":"product_tag-kylskap","11":"product_tag-vitvaror","13":"first","14":"instock","15":"shipping-taxable","16":"product-type-simple"},"acf":[],"_links":{"self":[{"href":"https:\/\/maxmoduler.se\/en\/wp-json\/wp\/v2\/product\/1563","targetHints":{"allow":["GET"]}}],"collection":[{"href":"https:\/\/maxmoduler.se\/en\/wp-json\/wp\/v2\/product"}],"about":[{"href":"https:\/\/maxmoduler.se\/en\/wp-json\/wp\/v2\/types\/product"}],"wp:featuredmedia":[{"embeddable":true,"href":"https:\/\/maxmoduler.se\/en\/wp-json\/wp\/v2\/media\/3279"}],"wp:attachment":[{"href":"https:\/\/maxmoduler.se\/en\/wp-json\/wp\/v2\/media?parent=1563"}],"wp:term":[{"taxonomy":"product_brand","embeddable":true,"href":"https:\/\/maxmoduler.se\/en\/wp-json\/wp\/v2\/product_brand?post=1563"},{"taxonomy":"product_cat","embeddable":true,"href":"https:\/\/maxmoduler.se\/en\/wp-json\/wp\/v2\/product_cat?post=1563"},{"taxonomy":"product_tag","embeddable":true,"href":"https:\/\/maxmoduler.se\/en\/wp-json\/wp\/v2\/product_tag?post=1563"}],"curies":[{"name":"wp","href":"https:\/\/api.w.org\/{rel}","templated":true}]}}