{"id":1567,"date":"2025-04-15T15:01:04","date_gmt":"2025-04-15T13:01:04","guid":{"rendered":"https:\/\/hemi.a.vaia.cloud\/?post_type=product&#038;p=1567"},"modified":"2025-04-23T11:56:59","modified_gmt":"2025-04-23T09:56:59","slug":"drying-cabinet-nimo-easy-dryer-1900-left","status":"publish","type":"product","link":"https:\/\/maxmoduler.se\/en\/product-2\/drying-cabinet-nimo-easy-dryer-1900-left\/","title":{"rendered":"Drying cabinet Nimo Easy Dryer 1900 left"},"content":{"rendered":"<p>Drying cabinet with timer function controlled by two knobs where you set the power mode and drying time. Tall floor model with up to 3 rows of fold-up and pull-out hangers, depending on the model selected.<\/p>\n<p>Supplied with ventilation connections and adjustable feet to ensure that the cabinet stands correctly. The drying cabinet can advantageously replace the drying rack and also minimise humidity in the room.<\/p>\n<p><strong>Advantages:<\/strong><\/p>\n<ul>\n<li>6 kg drying capacity<\/li>\n<li>Timer-controlled fan, 0\u20134 hours<\/li>\n<li>Stepless temperature control<\/li>\n<li>Stable pull-out and fold-up hangers, depending on the model selected<\/li>\n<li>Up to 16 m hanging length depending on model selection<\/li>\n<li>2 KW heating element<\/li>\n<li>Robust construction<\/li>\n<\/ul>\n<p>This drying cabinet has a left-hinged door.<\/p>","protected":false},"excerpt":{"rendered":"<p>Torksk\u00e5p med timer-funktion som styrs med tv\u00e5 vred d\u00e4r du st\u00e4ller in e\ufb00ektl\u00e4ge och torktid. H\u00f6g golvmodell med upp till 3 rader uppf\u00e4llbara och utdragbara h\u00e4ngare beroende p\u00e5 val av modell. Levereras med ventilationsanslutningar och justerbara f\u00f6tter f\u00f6r att s\u00e4kerst\u00e4lla att sk\u00e5pet st\u00e5r korrekt. Torksk\u00e5pet kan med f\u00f6rdel ers\u00e4tta torkst\u00e4llningen och dessutom minimera luftfuktigheten i [&hellip;]<\/p>","protected":false},"featured_media":1634,"template":"","meta":{"_acf_changed":false},"product_brand":[119],"product_cat":[35],"product_tag":[39,76,85],"class_list":{"0":"post-1567","1":"product","2":"type-product","3":"status-publish","4":"has-post-thumbnail","6":"product_brand-nimo","7":"product_cat-tillbehor","8":"product_tag-omkladning","9":"product_tag-torkskap","10":"product_tag-vitvaror","12":"first","13":"instock","14":"shipping-taxable","15":"product-type-simple"},"acf":[],"_links":{"self":[{"href":"https:\/\/maxmoduler.se\/en\/wp-json\/wp\/v2\/product\/1567","targetHints":{"allow":["GET"]}}],"collection":[{"href":"https:\/\/maxmoduler.se\/en\/wp-json\/wp\/v2\/product"}],"about":[{"href":"https:\/\/maxmoduler.se\/en\/wp-json\/wp\/v2\/types\/product"}],"wp:featuredmedia":[{"embeddable":true,"href":"https:\/\/maxmoduler.se\/en\/wp-json\/wp\/v2\/media\/1634"}],"wp:attachment":[{"href":"https:\/\/maxmoduler.se\/en\/wp-json\/wp\/v2\/media?parent=1567"}],"wp:term":[{"taxonomy":"product_brand","embeddable":true,"href":"https:\/\/maxmoduler.se\/en\/wp-json\/wp\/v2\/product_brand?post=1567"},{"taxonomy":"product_cat","embeddable":true,"href":"https:\/\/maxmoduler.se\/en\/wp-json\/wp\/v2\/product_cat?post=1567"},{"taxonomy":"product_tag","embeddable":true,"href":"https:\/\/maxmoduler.se\/en\/wp-json\/wp\/v2\/product_tag?post=1567"}],"curies":[{"name":"wp","href":"https:\/\/api.w.org\/{rel}","templated":true}]}}