{"id":1570,"date":"2025-04-15T15:13:23","date_gmt":"2025-04-15T13:13:23","guid":{"rendered":"https:\/\/hemi.a.vaia.cloud\/?post_type=product&#038;p=1570"},"modified":"2025-04-23T11:33:22","modified_gmt":"2025-04-23T09:33:22","slug":"shower-curtain-rod-habo-900x900-mm","status":"publish","type":"product","link":"https:\/\/maxmoduler.se\/en\/product-2\/shower-curtain-rod-habo-900x900-mm\/","title":{"rendered":"Shower curtain rail Habo 900\u00d7900 mm"},"content":{"rendered":"<p>White curtain rod for shower curtain from Habo.<br \/>\nDimensions: 900\u00d7900 mm. Diameter 22 mm.<\/p>","protected":false},"excerpt":{"rendered":"<p>Vit draperist\u00e5ng f\u00f6r duschdraperi fr\u00e5n Habo. M\u00e5tt: 900&#215;900 mm. Diameter 22 mm.<\/p>","protected":false},"featured_media":1627,"template":"","meta":{"_acf_changed":false},"product_brand":[120],"product_cat":[35],"product_tag":[123,95,86],"class_list":{"0":"post-1570","1":"product","2":"type-product","3":"status-publish","4":"has-post-thumbnail","6":"product_brand-habo","7":"product_cat-tillbehor","8":"product_tag-duschtillbehor","9":"product_tag-toalett","10":"product_tag-vvs","12":"first","13":"instock","14":"shipping-taxable","15":"product-type-simple"},"acf":[],"_links":{"self":[{"href":"https:\/\/maxmoduler.se\/en\/wp-json\/wp\/v2\/product\/1570","targetHints":{"allow":["GET"]}}],"collection":[{"href":"https:\/\/maxmoduler.se\/en\/wp-json\/wp\/v2\/product"}],"about":[{"href":"https:\/\/maxmoduler.se\/en\/wp-json\/wp\/v2\/types\/product"}],"wp:featuredmedia":[{"embeddable":true,"href":"https:\/\/maxmoduler.se\/en\/wp-json\/wp\/v2\/media\/1627"}],"wp:attachment":[{"href":"https:\/\/maxmoduler.se\/en\/wp-json\/wp\/v2\/media?parent=1570"}],"wp:term":[{"taxonomy":"product_brand","embeddable":true,"href":"https:\/\/maxmoduler.se\/en\/wp-json\/wp\/v2\/product_brand?post=1570"},{"taxonomy":"product_cat","embeddable":true,"href":"https:\/\/maxmoduler.se\/en\/wp-json\/wp\/v2\/product_cat?post=1570"},{"taxonomy":"product_tag","embeddable":true,"href":"https:\/\/maxmoduler.se\/en\/wp-json\/wp\/v2\/product_tag?post=1570"}],"curies":[{"name":"wp","href":"https:\/\/api.w.org\/{rel}","templated":true}]}}