{"id":1579,"date":"2025-04-15T16:10:43","date_gmt":"2025-04-15T14:10:43","guid":{"rendered":"https:\/\/hemi.a.vaia.cloud\/?post_type=product&#038;p=1579"},"modified":"2025-04-23T11:46:40","modified_gmt":"2025-04-23T09:46:40","slug":"dispenser-for-drying-rolls-katrin-small","status":"publish","type":"product","link":"https:\/\/maxmoduler.se\/en\/product-2\/dispenser-for-drying-rolls-katrin-small\/","title":{"rendered":"Dispenser for Katrin paper towels, Small"},"content":{"rendered":"<p>Katrin Plastic Dispenser for Paper Towels.<br \/>\nSize: Small Colour: White<\/p>\n<p><strong>Advantages:<\/strong><\/p>\n<ul>\n<li>Dispenser solution for paper towels<\/li>\n<li>Large drying rolls for high capacity<\/li>\n<li>Perfect for wiping and cleaning surfaces<\/li>\n<li>Easy to tear off, only one hand needed<\/li>\n<li>Contrasting colour for visibility on the wall<\/li>\n<li>Transparent back cover \u2013 for easier installation<\/li>\n<li>Easy to check paper level thanks to transparent side panels<\/li>\n<li>Materials: ABS (acrylonitrile butadiene styrene), PC (polycarbonate), POM (polyoxymethylene)<\/li>\n<\/ul>","protected":false},"excerpt":{"rendered":"<p>Katrin Plastdispenser f\u00f6r Torkrullar. Storlek: Small F\u00e4rg: Vit F\u00f6rdelar: Dispenserl\u00f6sning f\u00f6r torkpapper Stora torkrullar f\u00f6r h\u00f6g kapacitet Perfekt f\u00f6r avtorkning och reng\u00f6ring av ytor Enkel avrivning, r\u00e4cker med endast en hand Kontrasterande f\u00e4rg f\u00f6r synlighet p\u00e5 v\u00e4ggen Transparent bakstycke &#8211; f\u00f6r enklare montering L\u00e4tt att kontrollera pappersniv\u00e5n, tack vare transparanta sidopaneler Material, ABS (Acrylonitrile butadiene [&hellip;]<\/p>","protected":false},"featured_media":1629,"template":"","meta":{"_acf_changed":false},"product_brand":[125],"product_cat":[35],"product_tag":[95,124,86],"class_list":{"0":"post-1579","1":"product","2":"type-product","3":"status-publish","4":"has-post-thumbnail","6":"product_brand-katrin","7":"product_cat-tillbehor","8":"product_tag-toalett","9":"product_tag-tork-och-tval","10":"product_tag-vvs","12":"first","13":"instock","14":"shipping-taxable","15":"product-type-simple"},"acf":[],"_links":{"self":[{"href":"https:\/\/maxmoduler.se\/en\/wp-json\/wp\/v2\/product\/1579","targetHints":{"allow":["GET"]}}],"collection":[{"href":"https:\/\/maxmoduler.se\/en\/wp-json\/wp\/v2\/product"}],"about":[{"href":"https:\/\/maxmoduler.se\/en\/wp-json\/wp\/v2\/types\/product"}],"wp:featuredmedia":[{"embeddable":true,"href":"https:\/\/maxmoduler.se\/en\/wp-json\/wp\/v2\/media\/1629"}],"wp:attachment":[{"href":"https:\/\/maxmoduler.se\/en\/wp-json\/wp\/v2\/media?parent=1579"}],"wp:term":[{"taxonomy":"product_brand","embeddable":true,"href":"https:\/\/maxmoduler.se\/en\/wp-json\/wp\/v2\/product_brand?post=1579"},{"taxonomy":"product_cat","embeddable":true,"href":"https:\/\/maxmoduler.se\/en\/wp-json\/wp\/v2\/product_cat?post=1579"},{"taxonomy":"product_tag","embeddable":true,"href":"https:\/\/maxmoduler.se\/en\/wp-json\/wp\/v2\/product_tag?post=1579"}],"curies":[{"name":"wp","href":"https:\/\/api.w.org\/{rel}","templated":true}]}}