{"id":1651,"date":"2025-04-23T16:29:54","date_gmt":"2025-04-23T14:29:54","guid":{"rendered":"https:\/\/hemi.a.vaia.cloud\/?post_type=product&#038;p=1651"},"modified":"2025-04-23T16:35:53","modified_gmt":"2025-04-23T14:35:53","slug":"dispenser-for-toilet-paper-tork-t7-svart","status":"publish","type":"product","link":"https:\/\/maxmoduler.se\/en\/product-2\/dispenser-for-toilet-paper-tork-t7-svart\/","title":{"rendered":"Toilet paper dispenser Tork T7 black"},"content":{"rendered":"<p>Tork OptiServe\u00ae Dispenser Coreless Toilet Paper for 2 rolls Black T7.<\/p>\n<p>Tork OptiServe\u00ae Coreless is a high-capacity toilet paper system suitable for facilities where efficiency, sustainability and a good user experience are key priorities. The system offers a better alternative to regular toilet paper and traditional jumbo rolls.<\/p>\n<p><strong>Advantages<\/strong><\/p>\n<ul>\n<li>High capacity, refill less often and save time<\/li>\n<li>Suitable for up to 145 guests<\/li>\n<li>Only requires half as much storage space<\/li>\n<li>Easy to use certified for toilet visitors and cleaning staff<\/li>\n<li>Slim and space-saving design suitable for smaller toilet areas<\/li>\n<li>Enclosed design protects both rolls in the container from splashes and dirt<\/li>\n<li>Carbon neutral and climate compensated<\/li>\n<\/ul>","protected":false},"excerpt":{"rendered":"<p>Tork OptiServe\u00ae Dispenser Coreless Toalettpapper f\u00f6r 2 rullar Svart T7. Tork OptiServe\u00ae Coreless \u00e4r ett h\u00f6gkapacitetssystem f\u00f6r toalettpapper som passar f\u00f6r anl\u00e4ggningar d\u00e4r effektivitet, h\u00e5llbarhet och en bra upplevelse ligger i fokus. Systemet ger ett b\u00e4ttre alternativ till vanligt toalettpapper och traditionella jumborullar. F\u00f6rdelar H\u00f6g kapacitet, fyll p\u00e5 mer s\u00e4llan och spara tid R\u00e4cker till [&hellip;]<\/p>","protected":false},"featured_media":1652,"template":"","meta":{"_acf_changed":false},"product_brand":[111],"product_cat":[35],"product_tag":[95,124,86],"class_list":{"0":"post-1651","1":"product","2":"type-product","3":"status-publish","4":"has-post-thumbnail","6":"product_brand-tork","7":"product_cat-tillbehor","8":"product_tag-toalett","9":"product_tag-tork-och-tval","10":"product_tag-vvs","12":"first","13":"instock","14":"shipping-taxable","15":"product-type-simple"},"acf":[],"_links":{"self":[{"href":"https:\/\/maxmoduler.se\/en\/wp-json\/wp\/v2\/product\/1651","targetHints":{"allow":["GET"]}}],"collection":[{"href":"https:\/\/maxmoduler.se\/en\/wp-json\/wp\/v2\/product"}],"about":[{"href":"https:\/\/maxmoduler.se\/en\/wp-json\/wp\/v2\/types\/product"}],"wp:featuredmedia":[{"embeddable":true,"href":"https:\/\/maxmoduler.se\/en\/wp-json\/wp\/v2\/media\/1652"}],"wp:attachment":[{"href":"https:\/\/maxmoduler.se\/en\/wp-json\/wp\/v2\/media?parent=1651"}],"wp:term":[{"taxonomy":"product_brand","embeddable":true,"href":"https:\/\/maxmoduler.se\/en\/wp-json\/wp\/v2\/product_brand?post=1651"},{"taxonomy":"product_cat","embeddable":true,"href":"https:\/\/maxmoduler.se\/en\/wp-json\/wp\/v2\/product_cat?post=1651"},{"taxonomy":"product_tag","embeddable":true,"href":"https:\/\/maxmoduler.se\/en\/wp-json\/wp\/v2\/product_tag?post=1651"}],"curies":[{"name":"wp","href":"https:\/\/api.w.org\/{rel}","templated":true}]}}