{"id":1667,"date":"2025-04-23T18:11:37","date_gmt":"2025-04-23T16:11:37","guid":{"rendered":"https:\/\/hemi.a.vaia.cloud\/?post_type=product&#038;p=1667"},"modified":"2025-06-12T15:25:50","modified_gmt":"2025-06-12T13:25:50","slug":"dispenser-for-paper-towels-tork-peakserve-h5","status":"publish","type":"product","link":"https:\/\/maxmoduler.se\/en\/product-2\/dispenser-for-paper-towels-tork-peakserve-h5\/","title":{"rendered":"Paper towel dispenser Tork PeakServe H5"},"content":{"rendered":"<p><strong>Tork PeakServe\u00ae Dispenser Continuous\u2122 Paper Towel Black H5<\/strong><\/p>\n<p>Tork PeakServereg: the latest innovation designed for high-traffic washroom areas where staff need to maximise cleaning time and maintain a good visitor flow.<\/p>\n<p>The dispenser system is compatible with Tork PeakServereg Continuous\u2122 Towels. It has a high capacity of over 2,100 towels and can dispense quickly and continuously to maintain flow. The compressed refill towels can be easily replenished at any time. What's more, they are easy to store and transport, allowing staff to focus on cleaning needs rather than refill needs.<\/p>\n<p><strong>Advantages:<\/strong><\/p>\n<ul>\n<li>Extra slim design: attractive and space-saving<\/li>\n<li>High capacity \u2013 reduced maintenance and reduced risk of paper shortages<\/li>\n<li>Replenish towels when it suits you. Greater flexibility gives you more time for cleaning<\/li>\n<li>Compression means 250 % more towels compared to Tork refill towels in universal quality and Tork Xpress\u00ae Dispenser Multifold Towel. A larger product quantity also makes it easier to avoid unforeseen situations, such as running out of paper.<\/li>\n<li>Towels are dispensed in three seconds for better flow in the toilet area and fewer queues for guests.<\/li>\n<li>It is always easy and convenient to take a towel with our patented Continuous Towel System.<\/li>\n<li>Carbon neutral and climate compensated<\/li>\n<\/ul>","protected":false},"excerpt":{"rendered":"<p>Tork PeakServe\u00ae Dispenser Continuous\u2122 Pappershandduk Svart H5 Tork PeakServereg: den senaste innovationen utformad f\u00f6r h\u00f6gtrafikerade toalettutrymmen d\u00e4r personalen m\u00e5ste maximera st\u00e4dtiden och uppr\u00e4tth\u00e5lla ett bra bes\u00f6ksfl\u00f6de. Dispensersystemet \u00e4r kompatibelt med Tork PeakServereg Continuous\u2122 Handduk. Det har en h\u00f6g kapacitet p\u00e5 \u00f6ver 2 100 handdukar och kan mata ut snabbt och utan avbrott f\u00f6r att beh\u00e5lla [&hellip;]<\/p>","protected":false},"featured_media":1668,"template":"","meta":{"_acf_changed":false},"product_brand":[111],"product_cat":[35],"product_tag":[95,124,86],"class_list":{"0":"post-1667","1":"product","2":"type-product","3":"status-publish","4":"has-post-thumbnail","6":"product_brand-tork","7":"product_cat-tillbehor","8":"product_tag-toalett","9":"product_tag-tork-och-tval","10":"product_tag-vvs","12":"first","13":"instock","14":"shipping-taxable","15":"product-type-simple"},"acf":[],"_links":{"self":[{"href":"https:\/\/maxmoduler.se\/en\/wp-json\/wp\/v2\/product\/1667","targetHints":{"allow":["GET"]}}],"collection":[{"href":"https:\/\/maxmoduler.se\/en\/wp-json\/wp\/v2\/product"}],"about":[{"href":"https:\/\/maxmoduler.se\/en\/wp-json\/wp\/v2\/types\/product"}],"wp:featuredmedia":[{"embeddable":true,"href":"https:\/\/maxmoduler.se\/en\/wp-json\/wp\/v2\/media\/1668"}],"wp:attachment":[{"href":"https:\/\/maxmoduler.se\/en\/wp-json\/wp\/v2\/media?parent=1667"}],"wp:term":[{"taxonomy":"product_brand","embeddable":true,"href":"https:\/\/maxmoduler.se\/en\/wp-json\/wp\/v2\/product_brand?post=1667"},{"taxonomy":"product_cat","embeddable":true,"href":"https:\/\/maxmoduler.se\/en\/wp-json\/wp\/v2\/product_cat?post=1667"},{"taxonomy":"product_tag","embeddable":true,"href":"https:\/\/maxmoduler.se\/en\/wp-json\/wp\/v2\/product_tag?post=1667"}],"curies":[{"name":"wp","href":"https:\/\/api.w.org\/{rel}","templated":true}]}}