{"id":1679,"date":"2025-04-23T19:09:44","date_gmt":"2025-04-23T17:09:44","guid":{"rendered":"https:\/\/hemi.a.vaia.cloud\/?post_type=product&#038;p=1679"},"modified":"2025-04-23T19:16:32","modified_gmt":"2025-04-23T17:16:32","slug":"shower-curtain-rings-habo","status":"publish","type":"product","link":"https:\/\/maxmoduler.se\/en\/product-2\/shower-curtain-rings-habo\/","title":{"rendered":"Shower curtain rings Habo"},"content":{"rendered":"<p>Plastic shower curtain rings. Fits all curtain rods. Easy to install. Pack of 12.<\/p>\n<p>Fits all curtain rods<\/p>","protected":false},"excerpt":{"rendered":"<p>Duschdraperiringar av plast. Passar alla draperist\u00e4nger. Enkla att montera. F\u00f6rpackning om 12 st. Passar alla draperist\u00e4nger<\/p>","protected":false},"featured_media":1680,"template":"","meta":{"_acf_changed":false},"product_brand":[120],"product_cat":[35],"product_tag":[123,95,86],"class_list":{"0":"post-1679","1":"product","2":"type-product","3":"status-publish","4":"has-post-thumbnail","6":"product_brand-habo","7":"product_cat-tillbehor","8":"product_tag-duschtillbehor","9":"product_tag-toalett","10":"product_tag-vvs","12":"first","13":"instock","14":"shipping-taxable","15":"product-type-simple"},"acf":[],"_links":{"self":[{"href":"https:\/\/maxmoduler.se\/en\/wp-json\/wp\/v2\/product\/1679","targetHints":{"allow":["GET"]}}],"collection":[{"href":"https:\/\/maxmoduler.se\/en\/wp-json\/wp\/v2\/product"}],"about":[{"href":"https:\/\/maxmoduler.se\/en\/wp-json\/wp\/v2\/types\/product"}],"wp:featuredmedia":[{"embeddable":true,"href":"https:\/\/maxmoduler.se\/en\/wp-json\/wp\/v2\/media\/1680"}],"wp:attachment":[{"href":"https:\/\/maxmoduler.se\/en\/wp-json\/wp\/v2\/media?parent=1679"}],"wp:term":[{"taxonomy":"product_brand","embeddable":true,"href":"https:\/\/maxmoduler.se\/en\/wp-json\/wp\/v2\/product_brand?post=1679"},{"taxonomy":"product_cat","embeddable":true,"href":"https:\/\/maxmoduler.se\/en\/wp-json\/wp\/v2\/product_cat?post=1679"},{"taxonomy":"product_tag","embeddable":true,"href":"https:\/\/maxmoduler.se\/en\/wp-json\/wp\/v2\/product_tag?post=1679"}],"curies":[{"name":"wp","href":"https:\/\/api.w.org\/{rel}","templated":true}]}}