{"id":1706,"date":"2025-04-25T09:16:18","date_gmt":"2025-04-25T07:16:18","guid":{"rendered":"https:\/\/hemi.a.vaia.cloud\/?post_type=product&#038;p=1706"},"modified":"2025-06-12T15:56:08","modified_gmt":"2025-06-12T13:56:08","slug":"carrier-rail-940mm","status":"publish","type":"product","link":"https:\/\/maxmoduler.se\/en\/product-2\/carrier-rail-940mm\/","title":{"rendered":"Top track 940 mm"},"content":{"rendered":"<p>Top track for top-hung shelving systems. Length: 940 mm. Colour: white.<\/p>\n<p>Safety BLS top track. The top track is the cornerstone of a top-hung click-in system with countersunk screw holes. A load-bearing component that is screwed into the wall.<\/p>\n<p>With integrated stops at the outer edges, which prevent the hanging rails from moving out of the track.<\/p>\n<p>Locked in height and cannot be accidentally unhooked from the top track.<\/p>","protected":false},"excerpt":{"rendered":"<p>B\u00e4rlist f\u00f6r topph\u00e4ngda hyllsystem. L\u00e4ngd: 940 mm. F\u00e4rg: vit. B\u00e4rlist Safety BLS. B\u00e4rlisten \u00e4r grundpelaren i ett topph\u00e4ngt Klick-in system med f\u00f6rs\u00e4nkta skruvh\u00e5l. En b\u00e4rande komponent som skruvas i v\u00e4ggen. Med integrerade stopp i ytterkanterna, som hindrar h\u00e4ngskenorna att f\u00f6rflytta sig ut fr\u00e5n skenan. L\u00e5st i h\u00f6jdled och kan ej ofrivilligt hakas ur b\u00e4rlisten.<\/p>","protected":false},"featured_media":3309,"template":"","meta":{"_acf_changed":false},"product_brand":[130],"product_cat":[35],"product_tag":[96,88,39,99],"class_list":{"0":"post-1706","1":"product","2":"type-product","3":"status-publish","4":"has-post-thumbnail","6":"product_brand-elfa","7":"product_cat-tillbehor","8":"product_tag-forvaring","9":"product_tag-mobler-och-inredning","10":"product_tag-omkladning","11":"product_tag-upphangning","13":"first","14":"instock","15":"shipping-taxable","16":"product-type-simple"},"acf":[],"_links":{"self":[{"href":"https:\/\/maxmoduler.se\/en\/wp-json\/wp\/v2\/product\/1706","targetHints":{"allow":["GET"]}}],"collection":[{"href":"https:\/\/maxmoduler.se\/en\/wp-json\/wp\/v2\/product"}],"about":[{"href":"https:\/\/maxmoduler.se\/en\/wp-json\/wp\/v2\/types\/product"}],"wp:featuredmedia":[{"embeddable":true,"href":"https:\/\/maxmoduler.se\/en\/wp-json\/wp\/v2\/media\/3309"}],"wp:attachment":[{"href":"https:\/\/maxmoduler.se\/en\/wp-json\/wp\/v2\/media?parent=1706"}],"wp:term":[{"taxonomy":"product_brand","embeddable":true,"href":"https:\/\/maxmoduler.se\/en\/wp-json\/wp\/v2\/product_brand?post=1706"},{"taxonomy":"product_cat","embeddable":true,"href":"https:\/\/maxmoduler.se\/en\/wp-json\/wp\/v2\/product_cat?post=1706"},{"taxonomy":"product_tag","embeddable":true,"href":"https:\/\/maxmoduler.se\/en\/wp-json\/wp\/v2\/product_tag?post=1706"}],"curies":[{"name":"wp","href":"https:\/\/api.w.org\/{rel}","templated":true}]}}