{"id":1711,"date":"2025-04-25T09:34:35","date_gmt":"2025-04-25T07:34:35","guid":{"rendered":"https:\/\/hemi.a.vaia.cloud\/?post_type=product&#038;p=1711"},"modified":"2025-06-11T15:36:07","modified_gmt":"2025-06-11T13:36:07","slug":"door-handle-wc-habo","status":"publish","type":"product","link":"https:\/\/maxmoduler.se\/en\/product-2\/door-handle-wc-habo\/","title":{"rendered":"Door handle WC Hoppe"},"content":{"rendered":"<p>Standard handle for WC door.<\/p>\n<p>HOPPE aluminium handle set on rose and escutcheon with emergency release\/turn and red-white-indicator for bathroom\/WC doors:<\/p>\n<ul>\n<li>Bearing: loose door handles, non-handed spring cassettes, maintenance-free slide bearing<\/li>\n<li>Connection: HOPPE profile pin (receiver\/receiver)<\/li>\n<li>Bottom section: steel\/plastic handle rosettes, plastic key plates<\/li>\n<li>Fixing: concealed, through-bolted, threaded screws with sleeve nuts.<\/li>\n<\/ul>","protected":false},"excerpt":{"rendered":"<p>Handtag av standardutf\u00f6rande f\u00f6r WC-d\u00f6rr. HOPPE-handtagsset i aluminium med sk\u00e5ra\/vred och r\u00f6d\/vit signalskiva med sk\u00e5ra f\u00f6r bad\/WC d\u00f6rrar: Lagring: l\u00f6sa handtag, underh\u00e5llsfria glidlager Fasts\u00e4ttning: HOPPE-profilsprint (mottagare\/mottagare) Underdel: handtagsrosetter st\u00e5l\/plast, nyckelskyltar plast Montering: dold, genomg\u00e5ende, g\u00e4ngskruvar med hylsmuttrar<\/p>","protected":false},"featured_media":3271,"template":"","meta":{"_acf_changed":false},"product_brand":[157],"product_cat":[35],"product_tag":[98,97,104],"class_list":{"0":"post-1711","1":"product","2":"type-product","3":"status-publish","4":"has-post-thumbnail","6":"product_brand-hoppe","7":"product_cat-tillbehor","8":"product_tag-beslag","9":"product_tag-dorrar","10":"product_tag-etablering","12":"first","13":"instock","14":"shipping-taxable","15":"product-type-simple"},"acf":[],"_links":{"self":[{"href":"https:\/\/maxmoduler.se\/en\/wp-json\/wp\/v2\/product\/1711","targetHints":{"allow":["GET"]}}],"collection":[{"href":"https:\/\/maxmoduler.se\/en\/wp-json\/wp\/v2\/product"}],"about":[{"href":"https:\/\/maxmoduler.se\/en\/wp-json\/wp\/v2\/types\/product"}],"wp:featuredmedia":[{"embeddable":true,"href":"https:\/\/maxmoduler.se\/en\/wp-json\/wp\/v2\/media\/3271"}],"wp:attachment":[{"href":"https:\/\/maxmoduler.se\/en\/wp-json\/wp\/v2\/media?parent=1711"}],"wp:term":[{"taxonomy":"product_brand","embeddable":true,"href":"https:\/\/maxmoduler.se\/en\/wp-json\/wp\/v2\/product_brand?post=1711"},{"taxonomy":"product_cat","embeddable":true,"href":"https:\/\/maxmoduler.se\/en\/wp-json\/wp\/v2\/product_cat?post=1711"},{"taxonomy":"product_tag","embeddable":true,"href":"https:\/\/maxmoduler.se\/en\/wp-json\/wp\/v2\/product_tag?post=1711"}],"curies":[{"name":"wp","href":"https:\/\/api.w.org\/{rel}","templated":true}]}}