{"id":2052,"date":"2025-05-02T11:34:37","date_gmt":"2025-05-02T09:34:37","guid":{"rendered":"https:\/\/hemi.a.vaia.cloud\/?post_type=product&#038;p=2052"},"modified":"2025-06-12T16:30:39","modified_gmt":"2025-06-12T14:30:39","slug":"dining-chair","status":"publish","type":"product","link":"https:\/\/maxmoduler.se\/en\/product-2\/dining-chair\/","title":{"rendered":"Dining chair, Nelson black"},"content":{"rendered":"<p>Chair for dining tables and dining room furniture. Backrest and seat in sturdy hard plastic. Frame in lacquered metal.<\/p>\n<p>Product information:<br \/>\nFurnish your lunchroom with practical chairs in a classic and simple design. With a seat and backrest made of durable plastic, the NELSON chair is ideal for demanding environments and tough conditions. The material is easy to wipe clean and keep clean, which is perfect for lunchrooms.<\/p>\n<p>The chair is stackable, which makes cleaning easier and allows the chairs to be moved out of the way when not in use. It also simplifies storage of the chairs, as they can be stacked on top of each other to take up less space. To further facilitate transport and storage, the chairs can be loaded onto a handy chair trolley.<\/p>\n<p>Product facts:<\/p>\n<ul>\n<li>Seat height: 440 mm<\/li>\n<li>Seat depth: 390 mm<\/li>\n<li>Seat width: 460 mm<\/li>\n<li>Width: 540 mm<\/li>\n<li>Stackable: Yes<\/li>\n<li>Colour: Black<\/li>\n<li>Material seat: Polypropylene<\/li>\n<li>Colour stand: Black<\/li>\n<li>Stand material: Steel tubing<\/li>\n<li>Maximum number\/stack: 10<\/li>\n<li>Maximum load: 110 kg<\/li>\n<\/ul>","protected":false},"excerpt":{"rendered":"<p>Stol f\u00f6r matbord och m\u00f6blering i matrum. Ryggst\u00f6d och sittdel i robust h\u00e5rdplast. Stomme i lackerad metall. Produktinformation: Inred lunchrummet med smidiga stolar i klassisk och enkel design. Med en sits och rygg av slitt\u00e5lig plast \u00e4r stol NELSON mycket l\u00e4mpad f\u00f6r kr\u00e4vande milj\u00f6er och tuffa f\u00f6rh\u00e5llanden. Materialet \u00e4r l\u00e4tt att torka av och h\u00e5lla [&hellip;]<\/p>","protected":false},"featured_media":3313,"template":"","meta":{"_acf_changed":false},"product_brand":[],"product_cat":[35],"product_tag":[88,100],"class_list":{"0":"post-2052","1":"product","2":"type-product","3":"status-publish","4":"has-post-thumbnail","6":"product_cat-tillbehor","7":"product_tag-mobler-och-inredning","8":"product_tag-stolar-och-bankar","10":"first","11":"instock","12":"shipping-taxable","13":"product-type-simple"},"acf":[],"_links":{"self":[{"href":"https:\/\/maxmoduler.se\/en\/wp-json\/wp\/v2\/product\/2052","targetHints":{"allow":["GET"]}}],"collection":[{"href":"https:\/\/maxmoduler.se\/en\/wp-json\/wp\/v2\/product"}],"about":[{"href":"https:\/\/maxmoduler.se\/en\/wp-json\/wp\/v2\/types\/product"}],"wp:featuredmedia":[{"embeddable":true,"href":"https:\/\/maxmoduler.se\/en\/wp-json\/wp\/v2\/media\/3313"}],"wp:attachment":[{"href":"https:\/\/maxmoduler.se\/en\/wp-json\/wp\/v2\/media?parent=2052"}],"wp:term":[{"taxonomy":"product_brand","embeddable":true,"href":"https:\/\/maxmoduler.se\/en\/wp-json\/wp\/v2\/product_brand?post=2052"},{"taxonomy":"product_cat","embeddable":true,"href":"https:\/\/maxmoduler.se\/en\/wp-json\/wp\/v2\/product_cat?post=2052"},{"taxonomy":"product_tag","embeddable":true,"href":"https:\/\/maxmoduler.se\/en\/wp-json\/wp\/v2\/product_tag?post=2052"}],"curies":[{"name":"wp","href":"https:\/\/api.w.org\/{rel}","templated":true}]}}