{"id":2053,"date":"2025-05-02T11:37:22","date_gmt":"2025-05-02T09:37:22","guid":{"rendered":"https:\/\/hemi.a.vaia.cloud\/?post_type=product&#038;p=2053"},"modified":"2025-06-12T16:30:39","modified_gmt":"2025-06-12T14:30:39","slug":"conference-chair","status":"publish","type":"product","link":"https:\/\/maxmoduler.se\/en\/product-2\/conference-chair\/","title":{"rendered":"Conference chair, Nelson black"},"content":{"rendered":"<p>Comfortable chair for conference rooms. Fabric-covered seat and backrest. Lacquered metal frame.<\/p>\n<p>Versatile stackable chairs with upholstered seats and backs, making them comfortable to sit on even during longer periods. You can quickly and easily connect the chairs with connecting fittings for conferences, meetings or concerts.<\/p>\n<p>Sold in packs of 4.<\/p>","protected":false},"excerpt":{"rendered":"<p>Bekv\u00e4m stol f\u00f6r konferensrum. Tygbekl\u00e4dd sittdel och ryggst\u00f6d i tyg. Stomme i lackerad metall. Smidiga staplingsbara stolar med stoppad sits och rygg, vilket g\u00f6r stolarna sk\u00f6na att sitta p\u00e5 \u00e4ven under lite l\u00e4ngre sittningar. Du kan snabbt och enkelt koppla ihop stolarna med kopplingsbeslag inf\u00f6r konferenser, m\u00f6ten eller konserter. S\u00e4ljs i 4-pack.<\/p>","protected":false},"featured_media":3312,"template":"","meta":{"_acf_changed":false},"product_brand":[],"product_cat":[35],"product_tag":[88,100],"class_list":{"0":"post-2053","1":"product","2":"type-product","3":"status-publish","4":"has-post-thumbnail","6":"product_cat-tillbehor","7":"product_tag-mobler-och-inredning","8":"product_tag-stolar-och-bankar","10":"first","11":"instock","12":"shipping-taxable","13":"product-type-simple"},"acf":[],"_links":{"self":[{"href":"https:\/\/maxmoduler.se\/en\/wp-json\/wp\/v2\/product\/2053","targetHints":{"allow":["GET"]}}],"collection":[{"href":"https:\/\/maxmoduler.se\/en\/wp-json\/wp\/v2\/product"}],"about":[{"href":"https:\/\/maxmoduler.se\/en\/wp-json\/wp\/v2\/types\/product"}],"wp:featuredmedia":[{"embeddable":true,"href":"https:\/\/maxmoduler.se\/en\/wp-json\/wp\/v2\/media\/3312"}],"wp:attachment":[{"href":"https:\/\/maxmoduler.se\/en\/wp-json\/wp\/v2\/media?parent=2053"}],"wp:term":[{"taxonomy":"product_brand","embeddable":true,"href":"https:\/\/maxmoduler.se\/en\/wp-json\/wp\/v2\/product_brand?post=2053"},{"taxonomy":"product_cat","embeddable":true,"href":"https:\/\/maxmoduler.se\/en\/wp-json\/wp\/v2\/product_cat?post=2053"},{"taxonomy":"product_tag","embeddable":true,"href":"https:\/\/maxmoduler.se\/en\/wp-json\/wp\/v2\/product_tag?post=2053"}],"curies":[{"name":"wp","href":"https:\/\/api.w.org\/{rel}","templated":true}]}}