{"id":2057,"date":"2025-05-02T11:59:26","date_gmt":"2025-05-02T09:59:26","guid":{"rendered":"https:\/\/hemi.a.vaia.cloud\/?post_type=product&#038;p=2057"},"modified":"2025-06-18T10:31:15","modified_gmt":"2025-06-18T08:31:15","slug":"office-furniture-set-electric-white-office-chair-leather","status":"publish","type":"product","link":"https:\/\/maxmoduler.se\/en\/product-2\/office-furniture-set-electric-white-office-chair-leather\/","title":{"rendered":"Office furniture set EL White, office chair (leather)"},"content":{"rendered":"<p>Office furniture set. Consists of a height-adjustable desk in white, a rolling cabinet and an ergonomic leather office chair.<\/p>\n<p><strong>Product information - chair<\/strong><\/p>\n<p>This extremely comfortable office chair is perfect for those who sit down for up to 8 hours a day. The seat, backrest and headrest are thickly padded and easy to adjust in height for an ergonomic sitting position. The dark upholstery contrasts nicely with the aluminium base with 5 wheels.<\/p>\n<p>Seat height: 470-545 mm<br \/>\nSeat depth: 500 mm<br \/>\nSeat width: 500 mm<br \/>\nBack height: 580-670 mm<br \/>\nWidth: 640 mm<\/p>\n<p><strong>Product information - desk<\/strong><\/p>\n<p>Give yourself and your colleagues an ergonomic advantage with high-quality, electrically height-adjustable desks from the FLEXUS series!<\/p>\n<p>The table is equipped with two powerful electric motors that provide smooth and stepless height adjustment. With a simple push of a button, you can adjust the height of the desk to suit your body. Complement it with an ergonomic workplace mat that provides comfort and relief when working standing up.<\/p>\n<p>The straight tabletop is made of laminate. This provides a smooth, hard surface that is scratch-resistant and easy to clean. The two cable holes in the tabletop help you minimise cable clutter on your work surface.<\/p>\n<p>Length: 1600 mm<br \/>\nWidth: 800 mm<br \/>\nTabletop thickness: 22 mm<br \/>\nMaximum height: 1175 mm<br \/>\nTabletop: Rectangular<br \/>\nStand: Electrically adjustable<\/p>\n<p><strong>Product information - roller cabinet<\/strong><\/p>\n<p>FLEXUS is the series for those looking for furniture that is durable, easy to maintain and flexible! With this series, you can easily furnish your entire workplace according to your wishes, and there are many options to choose from. The family consists of everything from conference tables and storage cabinets to filing cabinets and desks that are equally suitable for small and large offices.<\/p>\n<p>The drawers are fitted with elegant grey aluminium handles. The castors provide flexibility and make it easy to move the cabinet around as needed. The two castors with brakes prevent the cabinet from moving out of place. You can conveniently place the rolling cabinet under your desk, but since it is laminated on all sides, it can also be used freestanding in open-plan offices. The laminate is both durable and easy to clean. The smart central lock locks all drawers and keeps curious eyes away from the contents. The furniture is delivered fully assembled.<\/p>\n<p>Height: 600 mm<br \/>\nWidth: 400 mm<br \/>\nDepth: 600 mm<br \/>\nColour: White<br \/>\nMaterial: Laminate<br \/>\nMaterial specification: Kronospan \u2013 8685 M Snow white<br \/>\nNumber of boxes: 3<br \/>\nLockability: With lock<\/p>","protected":false},"excerpt":{"rendered":"<p>M\u00f6belset f\u00f6r kontor. Best\u00e5r av h\u00f6j- och s\u00e4nkbart skrivbord i vitt, rullhurts samt ergonomisk kontorsstol i skinn. Produktinformation stol Denna mycket bekv\u00e4ma kontorsstol passar perfekt f\u00f6r dig som sitter ner i upp till 8 timmar per dag. Stolens sits, ryggst\u00f6d och nackst\u00f6d \u00e4r tjockt stoppade och enkla att justera i h\u00f6jdled f\u00f6r en ergonomisk sittst\u00e4llning. [&hellip;]<\/p>","protected":false},"featured_media":3526,"template":"","meta":{"_acf_changed":false},"product_brand":[],"product_cat":[35],"product_tag":[101,88,100],"class_list":{"0":"post-2057","1":"product","2":"type-product","3":"status-publish","4":"has-post-thumbnail","6":"product_cat-tillbehor","7":"product_tag-bord","8":"product_tag-mobler-och-inredning","9":"product_tag-stolar-och-bankar","11":"first","12":"instock","13":"shipping-taxable","14":"product-type-simple"},"acf":[],"_links":{"self":[{"href":"https:\/\/maxmoduler.se\/en\/wp-json\/wp\/v2\/product\/2057","targetHints":{"allow":["GET"]}}],"collection":[{"href":"https:\/\/maxmoduler.se\/en\/wp-json\/wp\/v2\/product"}],"about":[{"href":"https:\/\/maxmoduler.se\/en\/wp-json\/wp\/v2\/types\/product"}],"wp:featuredmedia":[{"embeddable":true,"href":"https:\/\/maxmoduler.se\/en\/wp-json\/wp\/v2\/media\/3526"}],"wp:attachment":[{"href":"https:\/\/maxmoduler.se\/en\/wp-json\/wp\/v2\/media?parent=2057"}],"wp:term":[{"taxonomy":"product_brand","embeddable":true,"href":"https:\/\/maxmoduler.se\/en\/wp-json\/wp\/v2\/product_brand?post=2057"},{"taxonomy":"product_cat","embeddable":true,"href":"https:\/\/maxmoduler.se\/en\/wp-json\/wp\/v2\/product_cat?post=2057"},{"taxonomy":"product_tag","embeddable":true,"href":"https:\/\/maxmoduler.se\/en\/wp-json\/wp\/v2\/product_tag?post=2057"}],"curies":[{"name":"wp","href":"https:\/\/api.w.org\/{rel}","templated":true}]}}