{"id":2059,"date":"2025-05-02T12:02:45","date_gmt":"2025-05-02T10:02:45","guid":{"rendered":"https:\/\/hemi.a.vaia.cloud\/?post_type=product&#038;p=2059"},"modified":"2025-06-18T09:11:09","modified_gmt":"2025-06-18T07:11:09","slug":"conference-table-12-persons-excl-chairs","status":"publish","type":"product","link":"https:\/\/maxmoduler.se\/en\/product-2\/conference-table-12-persons-excl-chairs\/","title":{"rendered":"Conference table for 12 people, excluding chairs"},"content":{"rendered":"<p>White lacquered conference table suitable for 12 people. Chairs are not included and must be ordered separately.<\/p>\n<p>The tabletop has a laminate surface that is scratch and liquid resistant and easy to wipe clean. The shape of the tabletop, with a wide centre and tapered edges, is advantageous in meeting situations as it allows all participants to see each other clearly. The black and white laminate has an anti-fingerprint surface, which means that fingerprints and other marks are minimised.<\/p>\n<p>The furniture in the QBUS series is designed to fit together, and thanks to the modular concept, you can easily expand your storage as your needs grow.<\/p>\n<p>Length: 4000 mm<br \/>\nHeight: 730 mm<br \/>\nWidth: 1200 mm<br \/>\nTabletop thickness: 25 mm<\/p>","protected":false},"excerpt":{"rendered":"<p>Vitlackerat konferensrumsbord som passar 12 personer. Stolar ing\u00e5r inte utan best\u00e4lls separat. Bordsskivan har en yta av laminat som \u00e4r t\u00e5ligt mot repor och v\u00e4tska samt l\u00e4tt att torka av. Skivans form med bred mitt och avsmalnande kanter \u00e4r en f\u00f6rdel i m\u00f6tessammanhang eftersom det g\u00f6r att alla deltagarna ser varandra bra. Det svarta och [&hellip;]<\/p>","protected":false},"featured_media":3520,"template":"","meta":{"_acf_changed":false},"product_brand":[],"product_cat":[35],"product_tag":[101,88],"class_list":{"0":"post-2059","1":"product","2":"type-product","3":"status-publish","4":"has-post-thumbnail","6":"product_cat-tillbehor","7":"product_tag-bord","8":"product_tag-mobler-och-inredning","10":"first","11":"instock","12":"shipping-taxable","13":"product-type-simple"},"acf":[],"_links":{"self":[{"href":"https:\/\/maxmoduler.se\/en\/wp-json\/wp\/v2\/product\/2059","targetHints":{"allow":["GET"]}}],"collection":[{"href":"https:\/\/maxmoduler.se\/en\/wp-json\/wp\/v2\/product"}],"about":[{"href":"https:\/\/maxmoduler.se\/en\/wp-json\/wp\/v2\/types\/product"}],"wp:featuredmedia":[{"embeddable":true,"href":"https:\/\/maxmoduler.se\/en\/wp-json\/wp\/v2\/media\/3520"}],"wp:attachment":[{"href":"https:\/\/maxmoduler.se\/en\/wp-json\/wp\/v2\/media?parent=2059"}],"wp:term":[{"taxonomy":"product_brand","embeddable":true,"href":"https:\/\/maxmoduler.se\/en\/wp-json\/wp\/v2\/product_brand?post=2059"},{"taxonomy":"product_cat","embeddable":true,"href":"https:\/\/maxmoduler.se\/en\/wp-json\/wp\/v2\/product_cat?post=2059"},{"taxonomy":"product_tag","embeddable":true,"href":"https:\/\/maxmoduler.se\/en\/wp-json\/wp\/v2\/product_tag?post=2059"}],"curies":[{"name":"wp","href":"https:\/\/api.w.org\/{rel}","templated":true}]}}