{"id":2066,"date":"2025-05-02T12:11:14","date_gmt":"2025-05-02T10:11:14","guid":{"rendered":"https:\/\/hemi.a.vaia.cloud\/?post_type=product&#038;p=2066"},"modified":"2025-05-02T16:15:52","modified_gmt":"2025-05-02T14:15:52","slug":"window-blind-8x12","status":"publish","type":"product","link":"https:\/\/maxmoduler.se\/en\/product-2\/window-blind-8x12\/","title":{"rendered":"Blinds 8\u00d712"},"content":{"rendered":"<p>Persienn f\u00f6r f\u00f6nster med modulm\u00e5tten 8&#215;12.<\/p>","protected":false},"excerpt":{"rendered":"<p>Persienn f\u00f6r f\u00f6nster med modulm\u00e5tten 8&#215;12.<\/p>","protected":false},"featured_media":2157,"template":"","meta":{"_acf_changed":false},"product_brand":[],"product_cat":[35],"product_tag":[104,102],"class_list":{"0":"post-2066","1":"product","2":"type-product","3":"status-publish","4":"has-post-thumbnail","6":"product_cat-tillbehor","7":"product_tag-etablering","8":"product_tag-fonster","10":"first","11":"instock","12":"shipping-taxable","13":"product-type-simple"},"acf":[],"_links":{"self":[{"href":"https:\/\/maxmoduler.se\/en\/wp-json\/wp\/v2\/product\/2066","targetHints":{"allow":["GET"]}}],"collection":[{"href":"https:\/\/maxmoduler.se\/en\/wp-json\/wp\/v2\/product"}],"about":[{"href":"https:\/\/maxmoduler.se\/en\/wp-json\/wp\/v2\/types\/product"}],"wp:featuredmedia":[{"embeddable":true,"href":"https:\/\/maxmoduler.se\/en\/wp-json\/wp\/v2\/media\/2157"}],"wp:attachment":[{"href":"https:\/\/maxmoduler.se\/en\/wp-json\/wp\/v2\/media?parent=2066"}],"wp:term":[{"taxonomy":"product_brand","embeddable":true,"href":"https:\/\/maxmoduler.se\/en\/wp-json\/wp\/v2\/product_brand?post=2066"},{"taxonomy":"product_cat","embeddable":true,"href":"https:\/\/maxmoduler.se\/en\/wp-json\/wp\/v2\/product_cat?post=2066"},{"taxonomy":"product_tag","embeddable":true,"href":"https:\/\/maxmoduler.se\/en\/wp-json\/wp\/v2\/product_tag?post=2066"}],"curies":[{"name":"wp","href":"https:\/\/api.w.org\/{rel}","templated":true}]}}