{"id":2068,"date":"2025-05-02T12:11:16","date_gmt":"2025-05-02T10:11:16","guid":{"rendered":"https:\/\/hemi.a.vaia.cloud\/?post_type=product&#038;p=2068"},"modified":"2025-05-02T16:15:52","modified_gmt":"2025-05-02T14:15:52","slug":"window-12x12","status":"publish","type":"product","link":"https:\/\/maxmoduler.se\/en\/product-2\/window-12x12\/","title":{"rendered":"Window 12\u00d712"},"content":{"rendered":"<p>F\u00f6nster i modulm\u00e5tten 12&#215;12.<\/p>","protected":false},"excerpt":{"rendered":"<p>F\u00f6nster i modulm\u00e5tten 12&#215;12.<\/p>","protected":false},"featured_media":2153,"template":"","meta":{"_acf_changed":false},"product_brand":[],"product_cat":[35],"product_tag":[104,102],"class_list":{"0":"post-2068","1":"product","2":"type-product","3":"status-publish","4":"has-post-thumbnail","6":"product_cat-tillbehor","7":"product_tag-etablering","8":"product_tag-fonster","10":"first","11":"instock","12":"shipping-taxable","13":"product-type-simple"},"acf":[],"_links":{"self":[{"href":"https:\/\/maxmoduler.se\/en\/wp-json\/wp\/v2\/product\/2068","targetHints":{"allow":["GET"]}}],"collection":[{"href":"https:\/\/maxmoduler.se\/en\/wp-json\/wp\/v2\/product"}],"about":[{"href":"https:\/\/maxmoduler.se\/en\/wp-json\/wp\/v2\/types\/product"}],"wp:featuredmedia":[{"embeddable":true,"href":"https:\/\/maxmoduler.se\/en\/wp-json\/wp\/v2\/media\/2153"}],"wp:attachment":[{"href":"https:\/\/maxmoduler.se\/en\/wp-json\/wp\/v2\/media?parent=2068"}],"wp:term":[{"taxonomy":"product_brand","embeddable":true,"href":"https:\/\/maxmoduler.se\/en\/wp-json\/wp\/v2\/product_brand?post=2068"},{"taxonomy":"product_cat","embeddable":true,"href":"https:\/\/maxmoduler.se\/en\/wp-json\/wp\/v2\/product_cat?post=2068"},{"taxonomy":"product_tag","embeddable":true,"href":"https:\/\/maxmoduler.se\/en\/wp-json\/wp\/v2\/product_tag?post=2068"}],"curies":[{"name":"wp","href":"https:\/\/api.w.org\/{rel}","templated":true}]}}