{"id":2080,"date":"2025-05-02T12:30:34","date_gmt":"2025-05-02T10:30:34","guid":{"rendered":"https:\/\/hemi.a.vaia.cloud\/?post_type=product&#038;p=2080"},"modified":"2025-06-12T16:35:49","modified_gmt":"2025-06-12T14:35:49","slug":"door-plate-above-door-9-21","status":"publish","type":"product","link":"https:\/\/maxmoduler.se\/en\/product-2\/door-plate-above-door-9-21\/","title":{"rendered":"Door plate above door 9\u00d721"},"content":{"rendered":"<p>D\u00f6rrpl\u00e5t som monteras ovanf\u00f6r d\u00f6rr. Modulm\u00e5tt 9&#215;21.<\/p>","protected":false},"excerpt":{"rendered":"<p>D\u00f6rrpl\u00e5t som monteras ovanf\u00f6r d\u00f6rr. Modulm\u00e5tt 9&#215;21.<\/p>","protected":false},"featured_media":3314,"template":"","meta":{"_acf_changed":false},"product_brand":[],"product_cat":[35],"product_tag":[97,104,142],"class_list":{"0":"post-2080","1":"product","2":"type-product","3":"status-publish","4":"has-post-thumbnail","6":"product_cat-tillbehor","7":"product_tag-dorrar","8":"product_tag-etablering","9":"product_tag-platar","11":"first","12":"instock","13":"shipping-taxable","14":"product-type-simple"},"acf":[],"_links":{"self":[{"href":"https:\/\/maxmoduler.se\/en\/wp-json\/wp\/v2\/product\/2080","targetHints":{"allow":["GET"]}}],"collection":[{"href":"https:\/\/maxmoduler.se\/en\/wp-json\/wp\/v2\/product"}],"about":[{"href":"https:\/\/maxmoduler.se\/en\/wp-json\/wp\/v2\/types\/product"}],"wp:featuredmedia":[{"embeddable":true,"href":"https:\/\/maxmoduler.se\/en\/wp-json\/wp\/v2\/media\/3314"}],"wp:attachment":[{"href":"https:\/\/maxmoduler.se\/en\/wp-json\/wp\/v2\/media?parent=2080"}],"wp:term":[{"taxonomy":"product_brand","embeddable":true,"href":"https:\/\/maxmoduler.se\/en\/wp-json\/wp\/v2\/product_brand?post=2080"},{"taxonomy":"product_cat","embeddable":true,"href":"https:\/\/maxmoduler.se\/en\/wp-json\/wp\/v2\/product_cat?post=2080"},{"taxonomy":"product_tag","embeddable":true,"href":"https:\/\/maxmoduler.se\/en\/wp-json\/wp\/v2\/product_tag?post=2080"}],"curies":[{"name":"wp","href":"https:\/\/api.w.org\/{rel}","templated":true}]}}