{"id":2097,"date":"2025-05-02T13:09:46","date_gmt":"2025-05-02T11:09:46","guid":{"rendered":"https:\/\/hemi.a.vaia.cloud\/?post_type=product&#038;p=2097"},"modified":"2025-05-02T16:11:45","modified_gmt":"2025-05-02T14:11:45","slug":"door-plate-under-door-10x21-black","status":"publish","type":"product","link":"https:\/\/maxmoduler.se\/en\/product-2\/door-plate-under-door-10x21-black\/","title":{"rendered":"Door plate under door 10\u00d721, black"},"content":{"rendered":"<p>Svartlackerad d\u00f6rrpl\u00e5t som monteras nedanf\u00f6r d\u00f6rr. Modulm\u00e5tt 10&#215;21.<\/p>","protected":false},"excerpt":{"rendered":"<p>Svartlackerad d\u00f6rrpl\u00e5t som monteras nedanf\u00f6r d\u00f6rr. Modulm\u00e5tt 10&#215;21.<\/p>","protected":false},"featured_media":2150,"template":"","meta":{"_acf_changed":false},"product_brand":[],"product_cat":[35],"product_tag":[97,104,142],"class_list":{"0":"post-2097","1":"product","2":"type-product","3":"status-publish","4":"has-post-thumbnail","6":"product_cat-tillbehor","7":"product_tag-dorrar","8":"product_tag-etablering","9":"product_tag-platar","11":"first","12":"instock","13":"shipping-taxable","14":"product-type-simple"},"acf":[],"_links":{"self":[{"href":"https:\/\/maxmoduler.se\/en\/wp-json\/wp\/v2\/product\/2097","targetHints":{"allow":["GET"]}}],"collection":[{"href":"https:\/\/maxmoduler.se\/en\/wp-json\/wp\/v2\/product"}],"about":[{"href":"https:\/\/maxmoduler.se\/en\/wp-json\/wp\/v2\/types\/product"}],"wp:featuredmedia":[{"embeddable":true,"href":"https:\/\/maxmoduler.se\/en\/wp-json\/wp\/v2\/media\/2150"}],"wp:attachment":[{"href":"https:\/\/maxmoduler.se\/en\/wp-json\/wp\/v2\/media?parent=2097"}],"wp:term":[{"taxonomy":"product_brand","embeddable":true,"href":"https:\/\/maxmoduler.se\/en\/wp-json\/wp\/v2\/product_brand?post=2097"},{"taxonomy":"product_cat","embeddable":true,"href":"https:\/\/maxmoduler.se\/en\/wp-json\/wp\/v2\/product_cat?post=2097"},{"taxonomy":"product_tag","embeddable":true,"href":"https:\/\/maxmoduler.se\/en\/wp-json\/wp\/v2\/product_tag?post=2097"}],"curies":[{"name":"wp","href":"https:\/\/api.w.org\/{rel}","templated":true}]}}