{"id":2102,"date":"2025-05-02T13:15:43","date_gmt":"2025-05-02T11:15:43","guid":{"rendered":"https:\/\/hemi.a.vaia.cloud\/?post_type=product&#038;p=2102"},"modified":"2025-05-02T16:09:40","modified_gmt":"2025-05-02T14:09:40","slug":"threshold-plate-gate-alu-10x21","status":"publish","type":"product","link":"https:\/\/maxmoduler.se\/en\/product-2\/threshold-plate-gate-alu-10x21\/","title":{"rendered":"Threshold plate for gate 10\u00d721"},"content":{"rendered":"<p>Durkpl\u00e5t i aluminium f\u00f6r montage vid tr\u00f6skelsluss. Modulm\u00e5tt 10&#215;21.<\/p>","protected":false},"excerpt":{"rendered":"<p>Durkpl\u00e5t i aluminium f\u00f6r montage vid tr\u00f6skelsluss. Modulm\u00e5tt 10&#215;21.<\/p>","protected":false},"featured_media":2171,"template":"","meta":{"_acf_changed":false},"product_brand":[],"product_cat":[35],"product_tag":[97,104,142],"class_list":{"0":"post-2102","1":"product","2":"type-product","3":"status-publish","4":"has-post-thumbnail","6":"product_cat-tillbehor","7":"product_tag-dorrar","8":"product_tag-etablering","9":"product_tag-platar","11":"first","12":"instock","13":"shipping-taxable","14":"product-type-simple"},"acf":[],"_links":{"self":[{"href":"https:\/\/maxmoduler.se\/en\/wp-json\/wp\/v2\/product\/2102","targetHints":{"allow":["GET"]}}],"collection":[{"href":"https:\/\/maxmoduler.se\/en\/wp-json\/wp\/v2\/product"}],"about":[{"href":"https:\/\/maxmoduler.se\/en\/wp-json\/wp\/v2\/types\/product"}],"wp:featuredmedia":[{"embeddable":true,"href":"https:\/\/maxmoduler.se\/en\/wp-json\/wp\/v2\/media\/2171"}],"wp:attachment":[{"href":"https:\/\/maxmoduler.se\/en\/wp-json\/wp\/v2\/media?parent=2102"}],"wp:term":[{"taxonomy":"product_brand","embeddable":true,"href":"https:\/\/maxmoduler.se\/en\/wp-json\/wp\/v2\/product_brand?post=2102"},{"taxonomy":"product_cat","embeddable":true,"href":"https:\/\/maxmoduler.se\/en\/wp-json\/wp\/v2\/product_cat?post=2102"},{"taxonomy":"product_tag","embeddable":true,"href":"https:\/\/maxmoduler.se\/en\/wp-json\/wp\/v2\/product_tag?post=2102"}],"curies":[{"name":"wp","href":"https:\/\/api.w.org\/{rel}","templated":true}]}}