{"id":2111,"date":"2025-05-02T13:29:50","date_gmt":"2025-05-02T11:29:50","guid":{"rendered":"https:\/\/hemi.a.vaia.cloud\/?post_type=product&#038;p=2111"},"modified":"2025-05-02T16:06:58","modified_gmt":"2025-05-02T14:06:58","slug":"window-plate-above-window-12x12-black","status":"publish","type":"product","link":"https:\/\/maxmoduler.se\/en\/product-2\/window-plate-above-window-12x12-black\/","title":{"rendered":"Window plate above window 12\u00d712, black"},"content":{"rendered":"<p>Svartlackerad pl\u00e5t som monteras ovanf\u00f6r f\u00f6nster. Modulm\u00e5tt 12&#215;12.<\/p>","protected":false},"excerpt":{"rendered":"<p>Svartlackerad pl\u00e5t som monteras ovanf\u00f6r f\u00f6nster. Modulm\u00e5tt 12&#215;12.<\/p>","protected":false},"featured_media":2176,"template":"","meta":{"_acf_changed":false},"product_brand":[],"product_cat":[35],"product_tag":[98,104,102,142],"class_list":{"0":"post-2111","1":"product","2":"type-product","3":"status-publish","4":"has-post-thumbnail","6":"product_cat-tillbehor","7":"product_tag-beslag","8":"product_tag-etablering","9":"product_tag-fonster","10":"product_tag-platar","12":"first","13":"instock","14":"shipping-taxable","15":"product-type-simple"},"acf":[],"_links":{"self":[{"href":"https:\/\/maxmoduler.se\/en\/wp-json\/wp\/v2\/product\/2111","targetHints":{"allow":["GET"]}}],"collection":[{"href":"https:\/\/maxmoduler.se\/en\/wp-json\/wp\/v2\/product"}],"about":[{"href":"https:\/\/maxmoduler.se\/en\/wp-json\/wp\/v2\/types\/product"}],"wp:featuredmedia":[{"embeddable":true,"href":"https:\/\/maxmoduler.se\/en\/wp-json\/wp\/v2\/media\/2176"}],"wp:attachment":[{"href":"https:\/\/maxmoduler.se\/en\/wp-json\/wp\/v2\/media?parent=2111"}],"wp:term":[{"taxonomy":"product_brand","embeddable":true,"href":"https:\/\/maxmoduler.se\/en\/wp-json\/wp\/v2\/product_brand?post=2111"},{"taxonomy":"product_cat","embeddable":true,"href":"https:\/\/maxmoduler.se\/en\/wp-json\/wp\/v2\/product_cat?post=2111"},{"taxonomy":"product_tag","embeddable":true,"href":"https:\/\/maxmoduler.se\/en\/wp-json\/wp\/v2\/product_tag?post=2111"}],"curies":[{"name":"wp","href":"https:\/\/api.w.org\/{rel}","templated":true}]}}