{"id":2119,"date":"2025-05-02T13:39:09","date_gmt":"2025-05-02T11:39:09","guid":{"rendered":"https:\/\/hemi.a.vaia.cloud\/?post_type=product&#038;p=2119"},"modified":"2025-05-02T16:06:58","modified_gmt":"2025-05-02T14:06:58","slug":"window-sill-12x12-traryd-white","status":"publish","type":"product","link":"https:\/\/maxmoduler.se\/en\/product-2\/window-sill-12x12-traryd-white\/","title":{"rendered":"Window sill 12\u00d712 Traryd, White"},"content":{"rendered":"<p>F\u00f6nsterbleck f\u00f6r Traryd-f\u00f6nster. Modulm\u00e5tt: 12&#215;12. Vitlackerade.<\/p>","protected":false},"excerpt":{"rendered":"<p>F\u00f6nsterbleck f\u00f6r Traryd-f\u00f6nster. Modulm\u00e5tt: 12&#215;12. Vitlackerade.<\/p>","protected":false},"featured_media":2155,"template":"","meta":{"_acf_changed":false},"product_brand":[],"product_cat":[35],"product_tag":[104,102,142],"class_list":{"0":"post-2119","1":"product","2":"type-product","3":"status-publish","4":"has-post-thumbnail","6":"product_cat-tillbehor","7":"product_tag-etablering","8":"product_tag-fonster","9":"product_tag-platar","11":"first","12":"instock","13":"shipping-taxable","14":"product-type-simple"},"acf":[],"_links":{"self":[{"href":"https:\/\/maxmoduler.se\/en\/wp-json\/wp\/v2\/product\/2119","targetHints":{"allow":["GET"]}}],"collection":[{"href":"https:\/\/maxmoduler.se\/en\/wp-json\/wp\/v2\/product"}],"about":[{"href":"https:\/\/maxmoduler.se\/en\/wp-json\/wp\/v2\/types\/product"}],"wp:featuredmedia":[{"embeddable":true,"href":"https:\/\/maxmoduler.se\/en\/wp-json\/wp\/v2\/media\/2155"}],"wp:attachment":[{"href":"https:\/\/maxmoduler.se\/en\/wp-json\/wp\/v2\/media?parent=2119"}],"wp:term":[{"taxonomy":"product_brand","embeddable":true,"href":"https:\/\/maxmoduler.se\/en\/wp-json\/wp\/v2\/product_brand?post=2119"},{"taxonomy":"product_cat","embeddable":true,"href":"https:\/\/maxmoduler.se\/en\/wp-json\/wp\/v2\/product_cat?post=2119"},{"taxonomy":"product_tag","embeddable":true,"href":"https:\/\/maxmoduler.se\/en\/wp-json\/wp\/v2\/product_tag?post=2119"}],"curies":[{"name":"wp","href":"https:\/\/api.w.org\/{rel}","templated":true}]}}